{"id":108,"date":"2023-06-29T20:09:05","date_gmt":"2023-06-29T20:09:05","guid":{"rendered":"https:\/\/fff.wordpress.squadr.at\/?page_id=108"},"modified":"2024-09-05T20:03:28","modified_gmt":"2024-09-05T18:03:28","slug":"impressum","status":"publish","type":"page","link":"https:\/\/fire-flavor-fusion.at\/en\/impressum\/","title":{"rendered":"imprint"},"content":{"rendered":"<div data-elementor-type=\"wp-page\" data-elementor-id=\"108\" class=\"elementor elementor-108\" data-elementor-post-type=\"page\">\n\t\t\t\t<div class=\"elementor-element elementor-element-b39c3b1 e-flex e-con-boxed e-con e-parent\" data-id=\"b39c3b1\" data-element_type=\"container\" data-e-type=\"container\">\n\t\t\t\t\t<div class=\"e-con-inner\">\n\t\t\t\t<div class=\"elementor-element elementor-element-e5125f6 elementor-widget elementor-widget-heading\" data-id=\"e5125f6\" data-element_type=\"widget\" data-e-type=\"widget\" data-widget_type=\"heading.default\">\n\t\t\t\t<div class=\"elementor-widget-container\">\n\t\t\t\t\t<h2 class=\"elementor-heading-title elementor-size-default\">imprint<\/h2>\t\t\t\t<\/div>\n\t\t\t\t<\/div>\n\t\t\t\t\t<\/div>\n\t\t\t\t<\/div>\n\t\t<div class=\"elementor-element elementor-element-28b6df9 e-flex e-con-boxed e-con e-parent\" data-id=\"28b6df9\" data-element_type=\"container\" data-e-type=\"container\">\n\t\t\t\t\t<div class=\"e-con-inner\">\n\t\t\t\t<div class=\"elementor-element elementor-element-5405281 elementor-widget elementor-widget-image\" data-id=\"5405281\" data-element_type=\"widget\" data-e-type=\"widget\" data-widget_type=\"image.default\">\n\t\t\t\t<div class=\"elementor-widget-container\">\n\t\t\t\t\t\t\t\t\t\t\t\t\t\t\t<img fetchpriority=\"high\" decoding=\"async\" width=\"1024\" height=\"1024\" src=\"https:\/\/fire-flavor-fusion.at\/wp-content\/uploads\/sites\/3\/2023\/08\/paragraph-impressum-1024x1024.jpg\" class=\"attachment-large size-large wp-image-761\" alt=\"\" srcset=\"https:\/\/fire-flavor-fusion.at\/wp-content\/uploads\/sites\/3\/2023\/08\/paragraph-impressum-1024x1024.jpg 1024w, https:\/\/fire-flavor-fusion.at\/wp-content\/uploads\/sites\/3\/2023\/08\/paragraph-impressum-300x300.jpg 300w, https:\/\/fire-flavor-fusion.at\/wp-content\/uploads\/sites\/3\/2023\/08\/paragraph-impressum-150x150.jpg 150w, https:\/\/fire-flavor-fusion.at\/wp-content\/uploads\/sites\/3\/2023\/08\/paragraph-impressum-768x768.jpg 768w, https:\/\/fire-flavor-fusion.at\/wp-content\/uploads\/sites\/3\/2023\/08\/paragraph-impressum-12x12.jpg 12w, https:\/\/fire-flavor-fusion.at\/wp-content\/uploads\/sites\/3\/2023\/08\/paragraph-impressum.jpg 1280w\" sizes=\"(max-width: 1024px) 100vw, 1024px\" \/>\t\t\t\t\t\t\t\t\t\t\t\t\t\t\t<\/div>\n\t\t\t\t<\/div>\n\t\t\t\t<div class=\"elementor-element elementor-element-49b1261 elementor-widget elementor-widget-text-editor\" data-id=\"49b1261\" data-element_type=\"widget\" data-e-type=\"widget\" data-widget_type=\"text-editor.default\">\n\t\t\t\t<div class=\"elementor-widget-container\">\n\t\t\t\t\t\t\t\t\t<div class=\"fusion-title title fusion-title-9 fusion-sep-none fusion-title-center fusion-title-text fusion-title-size-five separator-title-de\">\n<h5 class=\"title-heading-center fusion-responsive-typography-calculated\"><span style=\"font-style: inherit; font-weight: inherit; color: #000000; font-family: var( --e-global-typography-text-font-family ), Sans-serif; letter-spacing: var( --e-global-typography-text-letter-spacing ); text-transform: var( --e-global-typography-text-text-transform ); text-decoration: var( --e-global-typography-text-text-decoration ); text-align: var(--text-align);\">Angaben gem\u00e4\u00df Informationspflicht laut \u00a75 E-Commerce Gesetz, \u00a714 Unternehmensgesetzbuch, \u00a763 Gewerbeordnung und Offenlegungspflicht laut \u00a725 Mediengesetz.<\/span><\/h5>\n<\/div>\n<div class=\"idg-text-ajax-loading idg-text-copy-protection\" data-text-id=\"2569670\" data-text-language=\"de\">\n<p class=\"adsimple-122569670\">FIRE &amp; FLAVOR FUSION e.U.<br>Inhaberin: Dr. Monika M\u00fcller<br>Ruthnergasse 178\/21,<br>1210 Wien,<br>\u00d6sterreich<\/p>\n<p class=\"adsimple-122569670\"><strong>Unternehmensgegenstand:<\/strong> Lebensmittelherstellung<br><strong>UID-Nummer:<\/strong> ATU779573748<br><strong>GLN:<\/strong>&nbsp;9110033724499<\/p>\n<p class=\"adsimple-122569670\"><strong>GISA:<\/strong> 36134823<br><strong>Firmenbuchnummer:<\/strong> 605073p<br><strong>Firmenbuchgericht:<\/strong> Handelsgericht Wien<br><strong>Firmensitz:<\/strong> 1210 Wien<\/p>\n<p class=\"adsimple-122569670\"><strong>E-Mail:<\/strong> office@fire-flavor-fusion.at<\/p>\n<p class=\"adsimple-122569670\"><strong>Aufsichtsbeh\u00f6rde\/Gewerbebeh\u00f6rde:<\/strong> Magistrat der Stadt Wien<\/p>\n<p><strong>Verantwortlichen f\u00fcr den Inhalt dieser Website<\/strong><\/p>\n<p class=\"adsimple-122569670\">Dr. Monika M\u00fcller<br>Ruthnergasse 178 \/ Haus 21,<br>1210 Wien,<br>\u00d6sterreich<\/p>\n<h2 id=\"eu-streitschlichtung\" class=\"adsimple-122569670 fusion-responsive-typography-calculated\" data-fontsize=\"24\" data-lineheight=\"36px\">EU-Streitschlichtung<\/h2>\n<p>Gem\u00e4\u00df Verordnung \u00fcber Online-Streitbeilegung in Verbraucherangelegenheiten (ODR-Verordnung) m\u00f6chten wir Sie \u00fcber die Online-Streitbeilegungsplattform (OS-Plattform) informieren.<br>Verbraucher haben die M\u00f6glichkeit, Beschwerden an die Online Streitbeilegungsplattform der Europ\u00e4ischen Kommission unter&nbsp;<a class=\"adsimple-122569670\" href=\"https:\/\/ec.europa.eu\/consumers\/odr\/main\/index.cfm?event=main.home2.show&amp;lng=DE\" target=\"_blank\" rel=\"follow noopener\">https:\/\/ec.europa.eu\/consumers\/odr\/main\/index.cfm?event=main.home2.show&amp;lng=DE<\/a> zu richten.&nbsp;<\/p>\n<p>Wir m\u00f6chten Sie jedoch darauf hinweisen, dass wir nicht bereit oder verpflichtet sind, an Streitbeilegungsverfahren vor einer Verbraucherschlichtungsstelle teilzunehmen.<\/p>\n<h2 id=\"haftung-links-webseite\" class=\"adsimple-122569670 fusion-responsive-typography-calculated\" data-fontsize=\"24\" data-lineheight=\"36px\">Haftung f\u00fcr Links auf dieser Website<\/h2>\n<p>Unsere Website enth\u00e4lt Links zu anderen Websites f\u00fcr deren Inhalt wir nicht verantwortlich sind. Haftung f\u00fcr verlinkte Websites besteht f\u00fcr uns nicht, da wir keine Kenntnis rechtswidriger T\u00e4tigkeiten hatten und haben, uns solche Rechtswidrigkeiten auch bisher nicht aufgefallen sind und wir Links sofort entfernen w\u00fcrden, wenn uns Rechtswidrigkeiten bekannt werden.<\/p>\n<p>Wenn Ihnen rechtswidrige Links auf unserer Website auffallen, bitte wir Sie uns zu kontaktieren. Sie finden die Kontaktdaten im Impressum.<\/p>\n<h2 id=\"urheberrechtshinweis\" class=\"adsimple-122569670 fusion-responsive-typography-calculated\" data-fontsize=\"24\" data-lineheight=\"36px\">Urheberrechtshinweis<\/h2>\n<p>Alle Inhalte dieser Webseite (Bilder, Fotos, Texte, Videos) unterliegen dem Urheberrecht. Bitte fragen Sie uns bevor Sie die Inhalte dieser Website verbreiten, vervielf\u00e4ltigen oder verwerten wie zum Beispiel auf anderen Websites erneut ver\u00f6ffentlichen. Falls notwendig, werden wir die unerlaubte Nutzung von Teilen der Inhalte unserer Seite rechtlich verfolgen.<\/p>\n<p>Sollten Sie auf dieser Webseite Inhalte finden, die das Urheberrecht verletzen, bitten wir Sie uns zu kontaktieren.<\/p>\n<p>Alle Texte sind urheberrechtlich gesch\u00fctzt.<\/p><\/div><div class=\"copy-separator-de\">\n<div class=\"fusion-separator fusion-has-icon fusion-full-width-sep fusion-clearfix separator-line-de\">\n<div class=\"fusion-separator-border sep-single sep-dashed\">&nbsp;<\/div>\n<div class=\"fusion-separator-border sep-single sep-dashed\">&nbsp;<\/div>\n<\/div>\n<\/div>\t\t\t\t\t\t\t\t<\/div>\n\t\t\t\t<\/div>\n\t\t\t\t\t<\/div>\n\t\t\t\t<\/div>\n\t\t\t\t<\/div>","protected":false},"excerpt":{"rendered":"<p>Impressum Angaben gem\u00e4\u00df Informationspflicht laut \u00a75 E-Commerce Gesetz, \u00a714 Unternehmensgesetzbuch, \u00a763 Gewerbeordnung und Offenlegungspflicht laut \u00a725 Mediengesetz. FIRE &amp; FLAVOR [&hellip;]<\/p>\n","protected":false},"author":1,"featured_media":0,"parent":0,"menu_order":0,"comment_status":"closed","ping_status":"closed","template":"","meta":{"site-sidebar-layout":"default","site-content-layout":"","ast-site-content-layout":"default","site-content-style":"default","site-sidebar-style":"default","ast-global-header-display":"","ast-banner-title-visibility":"","ast-main-header-display":"","ast-hfb-above-header-display":"","ast-hfb-below-header-display":"","ast-hfb-mobile-header-display":"","site-post-title":"","ast-breadcrumbs-content":"","ast-featured-img":"","footer-sml-layout":"","ast-disable-related-posts":"","theme-transparent-header-meta":"","adv-header-id-meta":"","stick-header-meta":"","header-above-stick-meta":"","header-main-stick-meta":"","header-below-stick-meta":"","astra-migrate-meta-layouts":"default","ast-page-background-enabled":"default","ast-page-background-meta":{"desktop":{"background-color":"var(--ast-global-color-4)","background-image":"","background-repeat":"repeat","background-position":"center center","background-size":"auto","background-attachment":"scroll","background-type":"","background-media":"","overlay-type":"","overlay-color":"","overlay-opacity":"","overlay-gradient":""},"tablet":{"background-color":"","background-image":"","background-repeat":"repeat","background-position":"center center","background-size":"auto","background-attachment":"scroll","background-type":"","background-media":"","overlay-type":"","overlay-color":"","overlay-opacity":"","overlay-gradient":""},"mobile":{"background-color":"","background-image":"","background-repeat":"repeat","background-position":"center center","background-size":"auto","background-attachment":"scroll","background-type":"","background-media":"","overlay-type":"","overlay-color":"","overlay-opacity":"","overlay-gradient":""}},"ast-content-background-meta":{"desktop":{"background-color":"var(--ast-global-color-5)","background-image":"","background-repeat":"repeat","background-position":"center center","background-size":"auto","background-attachment":"scroll","background-type":"","background-media":"","overlay-type":"","overlay-color":"","overlay-opacity":"","overlay-gradient":""},"tablet":{"background-color":"var(--ast-global-color-5)","background-image":"","background-repeat":"repeat","background-position":"center center","background-size":"auto","background-attachment":"scroll","background-type":"","background-media":"","overlay-type":"","overlay-color":"","overlay-opacity":"","overlay-gradient":""},"mobile":{"background-color":"var(--ast-global-color-5)","background-image":"","background-repeat":"repeat","background-position":"center center","background-size":"auto","background-attachment":"scroll","background-type":"","background-media":"","overlay-type":"","overlay-color":"","overlay-opacity":"","overlay-gradient":""}},"powered_cache_disable_cache":false,"footnotes":""},"class_list":["post-108","page","type-page","status-publish","hentry"],"yoast_head":"<!-- This site is optimized with the Yoast SEO plugin v27.5 - https:\/\/yoast.com\/product\/yoast-seo-wordpress\/ -->\n<title>Impressum - fire-flavor-fusion.at<\/title>\n<meta name=\"robots\" content=\"index, follow, max-snippet:-1, max-image-preview:large, max-video-preview:-1\" \/>\n<link rel=\"canonical\" href=\"https:\/\/fire-flavor-fusion.at\/en\/impressum\/\" \/>\n<meta property=\"og:locale\" content=\"en_GB\" \/>\n<meta property=\"og:type\" content=\"article\" \/>\n<meta property=\"og:title\" content=\"Impressum - fire-flavor-fusion.at\" \/>\n<meta property=\"og:description\" content=\"Impressum Angaben gem\u00e4\u00df Informationspflicht laut \u00a75 E-Commerce Gesetz, \u00a714 Unternehmensgesetzbuch, \u00a763 Gewerbeordnung und Offenlegungspflicht laut \u00a725 Mediengesetz. FIRE &amp; FLAVOR [&hellip;]\" \/>\n<meta property=\"og:url\" content=\"https:\/\/fire-flavor-fusion.at\/en\/impressum\/\" \/>\n<meta property=\"og:site_name\" content=\"fire-flavor-fusion.at\" \/>\n<meta property=\"article:modified_time\" content=\"2024-09-05T18:03:28+00:00\" \/>\n<meta property=\"og:image\" content=\"https:\/\/fire-flavor-fusion.at\/wp-content\/uploads\/sites\/3\/2023\/08\/paragraph-impressum-1024x1024.jpg\" \/>\n<meta name=\"twitter:card\" content=\"summary_large_image\" \/>\n<meta name=\"twitter:label1\" content=\"Estimated reading time\" \/>\n\t<meta name=\"twitter:data1\" content=\"2 minutes\" \/>\n<script type=\"application\/ld+json\" class=\"yoast-schema-graph\">{\"@context\":\"https:\\\/\\\/schema.org\",\"@graph\":[{\"@type\":\"WebPage\",\"@id\":\"https:\\\/\\\/fire-flavor-fusion.at\\\/impressum\\\/\",\"url\":\"https:\\\/\\\/fire-flavor-fusion.at\\\/impressum\\\/\",\"name\":\"Impressum - fire-flavor-fusion.at\",\"isPartOf\":{\"@id\":\"https:\\\/\\\/fire-flavor-fusion.at\\\/#website\"},\"primaryImageOfPage\":{\"@id\":\"https:\\\/\\\/fire-flavor-fusion.at\\\/impressum\\\/#primaryimage\"},\"image\":{\"@id\":\"https:\\\/\\\/fire-flavor-fusion.at\\\/impressum\\\/#primaryimage\"},\"thumbnailUrl\":\"https:\\\/\\\/fire-flavor-fusion.at\\\/wp-content\\\/uploads\\\/sites\\\/3\\\/2023\\\/08\\\/paragraph-impressum-1024x1024.jpg\",\"datePublished\":\"2023-06-29T20:09:05+00:00\",\"dateModified\":\"2024-09-05T18:03:28+00:00\",\"breadcrumb\":{\"@id\":\"https:\\\/\\\/fire-flavor-fusion.at\\\/impressum\\\/#breadcrumb\"},\"inLanguage\":\"en-GB\",\"potentialAction\":[{\"@type\":\"ReadAction\",\"target\":[\"https:\\\/\\\/fire-flavor-fusion.at\\\/impressum\\\/\"]}]},{\"@type\":\"ImageObject\",\"inLanguage\":\"en-GB\",\"@id\":\"https:\\\/\\\/fire-flavor-fusion.at\\\/impressum\\\/#primaryimage\",\"url\":\"https:\\\/\\\/fire-flavor-fusion.at\\\/wp-content\\\/uploads\\\/sites\\\/3\\\/2023\\\/08\\\/paragraph-impressum-1024x1024.jpg\",\"contentUrl\":\"https:\\\/\\\/fire-flavor-fusion.at\\\/wp-content\\\/uploads\\\/sites\\\/3\\\/2023\\\/08\\\/paragraph-impressum-1024x1024.jpg\"},{\"@type\":\"BreadcrumbList\",\"@id\":\"https:\\\/\\\/fire-flavor-fusion.at\\\/impressum\\\/#breadcrumb\",\"itemListElement\":[{\"@type\":\"ListItem\",\"position\":1,\"name\":\"Home\",\"item\":\"https:\\\/\\\/fire-flavor-fusion.at\\\/\"},{\"@type\":\"ListItem\",\"position\":2,\"name\":\"Impressum\"}]},{\"@type\":\"WebSite\",\"@id\":\"https:\\\/\\\/fire-flavor-fusion.at\\\/#website\",\"url\":\"https:\\\/\\\/fire-flavor-fusion.at\\\/\",\"name\":\"fire-flavor-fusion.at\",\"description\":\"Regionale Chili Saucen\",\"publisher\":{\"@id\":\"https:\\\/\\\/fire-flavor-fusion.at\\\/#organization\"},\"potentialAction\":[{\"@type\":\"SearchAction\",\"target\":{\"@type\":\"EntryPoint\",\"urlTemplate\":\"https:\\\/\\\/fire-flavor-fusion.at\\\/?s={search_term_string}\"},\"query-input\":{\"@type\":\"PropertyValueSpecification\",\"valueRequired\":true,\"valueName\":\"search_term_string\"}}],\"inLanguage\":\"en-GB\"},{\"@type\":\"Organization\",\"@id\":\"https:\\\/\\\/fire-flavor-fusion.at\\\/#organization\",\"name\":\"Fire & Flavor Fusion\",\"url\":\"https:\\\/\\\/fire-flavor-fusion.at\\\/\",\"logo\":{\"@type\":\"ImageObject\",\"inLanguage\":\"en-GB\",\"@id\":\"https:\\\/\\\/fire-flavor-fusion.at\\\/#\\\/schema\\\/logo\\\/image\\\/\",\"url\":\"https:\\\/\\\/fire-flavor-fusion.at\\\/wp-content\\\/uploads\\\/sites\\\/3\\\/2023\\\/08\\\/Logo-black-e1694287005829.png\",\"contentUrl\":\"https:\\\/\\\/fire-flavor-fusion.at\\\/wp-content\\\/uploads\\\/sites\\\/3\\\/2023\\\/08\\\/Logo-black-e1694287005829.png\",\"width\":250,\"height\":250,\"caption\":\"Fire & Flavor Fusion\"},\"image\":{\"@id\":\"https:\\\/\\\/fire-flavor-fusion.at\\\/#\\\/schema\\\/logo\\\/image\\\/\"}}]}<\/script>\n<!-- \/ Yoast SEO plugin. -->","yoast_head_json":{"title":"Impressum - fire-flavor-fusion.at","robots":{"index":"index","follow":"follow","max-snippet":"max-snippet:-1","max-image-preview":"max-image-preview:large","max-video-preview":"max-video-preview:-1"},"canonical":"https:\/\/fire-flavor-fusion.at\/en\/impressum\/","og_locale":"en_GB","og_type":"article","og_title":"Impressum - fire-flavor-fusion.at","og_description":"Impressum Angaben gem\u00e4\u00df Informationspflicht laut \u00a75 E-Commerce Gesetz, \u00a714 Unternehmensgesetzbuch, \u00a763 Gewerbeordnung und Offenlegungspflicht laut \u00a725 Mediengesetz. FIRE &amp; FLAVOR [&hellip;]","og_url":"https:\/\/fire-flavor-fusion.at\/en\/impressum\/","og_site_name":"fire-flavor-fusion.at","article_modified_time":"2024-09-05T18:03:28+00:00","og_image":[{"url":"https:\/\/fire-flavor-fusion.at\/wp-content\/uploads\/sites\/3\/2023\/08\/paragraph-impressum-1024x1024.jpg","type":"","width":"","height":""}],"twitter_card":"summary_large_image","twitter_misc":{"Estimated reading time":"2 minutes"},"schema":{"@context":"https:\/\/schema.org","@graph":[{"@type":"WebPage","@id":"https:\/\/fire-flavor-fusion.at\/impressum\/","url":"https:\/\/fire-flavor-fusion.at\/impressum\/","name":"Impressum - fire-flavor-fusion.at","isPartOf":{"@id":"https:\/\/fire-flavor-fusion.at\/#website"},"primaryImageOfPage":{"@id":"https:\/\/fire-flavor-fusion.at\/impressum\/#primaryimage"},"image":{"@id":"https:\/\/fire-flavor-fusion.at\/impressum\/#primaryimage"},"thumbnailUrl":"https:\/\/fire-flavor-fusion.at\/wp-content\/uploads\/sites\/3\/2023\/08\/paragraph-impressum-1024x1024.jpg","datePublished":"2023-06-29T20:09:05+00:00","dateModified":"2024-09-05T18:03:28+00:00","breadcrumb":{"@id":"https:\/\/fire-flavor-fusion.at\/impressum\/#breadcrumb"},"inLanguage":"en-GB","potentialAction":[{"@type":"ReadAction","target":["https:\/\/fire-flavor-fusion.at\/impressum\/"]}]},{"@type":"ImageObject","inLanguage":"en-GB","@id":"https:\/\/fire-flavor-fusion.at\/impressum\/#primaryimage","url":"https:\/\/fire-flavor-fusion.at\/wp-content\/uploads\/sites\/3\/2023\/08\/paragraph-impressum-1024x1024.jpg","contentUrl":"https:\/\/fire-flavor-fusion.at\/wp-content\/uploads\/sites\/3\/2023\/08\/paragraph-impressum-1024x1024.jpg"},{"@type":"BreadcrumbList","@id":"https:\/\/fire-flavor-fusion.at\/impressum\/#breadcrumb","itemListElement":[{"@type":"ListItem","position":1,"name":"Home","item":"https:\/\/fire-flavor-fusion.at\/"},{"@type":"ListItem","position":2,"name":"Impressum"}]},{"@type":"WebSite","@id":"https:\/\/fire-flavor-fusion.at\/#website","url":"https:\/\/fire-flavor-fusion.at\/","name":"fire-flavor-fusion.at","description":"Regionale Chili Saucen","publisher":{"@id":"https:\/\/fire-flavor-fusion.at\/#organization"},"potentialAction":[{"@type":"SearchAction","target":{"@type":"EntryPoint","urlTemplate":"https:\/\/fire-flavor-fusion.at\/?s={search_term_string}"},"query-input":{"@type":"PropertyValueSpecification","valueRequired":true,"valueName":"search_term_string"}}],"inLanguage":"en-GB"},{"@type":"Organization","@id":"https:\/\/fire-flavor-fusion.at\/#organization","name":"Fire & Flavor Fusion","url":"https:\/\/fire-flavor-fusion.at\/","logo":{"@type":"ImageObject","inLanguage":"en-GB","@id":"https:\/\/fire-flavor-fusion.at\/#\/schema\/logo\/image\/","url":"https:\/\/fire-flavor-fusion.at\/wp-content\/uploads\/sites\/3\/2023\/08\/Logo-black-e1694287005829.png","contentUrl":"https:\/\/fire-flavor-fusion.at\/wp-content\/uploads\/sites\/3\/2023\/08\/Logo-black-e1694287005829.png","width":250,"height":250,"caption":"Fire & Flavor Fusion"},"image":{"@id":"https:\/\/fire-flavor-fusion.at\/#\/schema\/logo\/image\/"}}]}},"_links":{"self":[{"href":"https:\/\/fire-flavor-fusion.at\/en\/wp-json\/wp\/v2\/pages\/108","targetHints":{"allow":["GET"]}}],"collection":[{"href":"https:\/\/fire-flavor-fusion.at\/en\/wp-json\/wp\/v2\/pages"}],"about":[{"href":"https:\/\/fire-flavor-fusion.at\/en\/wp-json\/wp\/v2\/types\/page"}],"author":[{"embeddable":true,"href":"https:\/\/fire-flavor-fusion.at\/en\/wp-json\/wp\/v2\/users\/1"}],"replies":[{"embeddable":true,"href":"https:\/\/fire-flavor-fusion.at\/en\/wp-json\/wp\/v2\/comments?post=108"}],"version-history":[{"count":12,"href":"https:\/\/fire-flavor-fusion.at\/en\/wp-json\/wp\/v2\/pages\/108\/revisions"}],"predecessor-version":[{"id":1995,"href":"https:\/\/fire-flavor-fusion.at\/en\/wp-json\/wp\/v2\/pages\/108\/revisions\/1995"}],"wp:attachment":[{"href":"https:\/\/fire-flavor-fusion.at\/en\/wp-json\/wp\/v2\/media?parent=108"}],"curies":[{"name":"wp","href":"https:\/\/api.w.org\/{rel}","templated":true}]}}