{"id":1912,"date":"2024-07-15T20:25:42","date_gmt":"2024-07-15T18:25:42","guid":{"rendered":"https:\/\/fire-flavor-fusion.at\/?page_id=1912"},"modified":"2024-07-15T22:01:55","modified_gmt":"2024-07-15T20:01:55","slug":"widerruf","status":"publish","type":"page","link":"https:\/\/fire-flavor-fusion.at\/en\/widerruf\/","title":{"rendered":"Widerrufsrecht"},"content":{"rendered":"<div data-elementor-type=\"wp-page\" data-elementor-id=\"1912\" class=\"elementor elementor-1912\" data-elementor-post-type=\"page\">\n\t\t\t\t<div class=\"elementor-element elementor-element-74727ef e-flex e-con-boxed e-con e-parent\" data-id=\"74727ef\" data-element_type=\"container\" data-e-type=\"container\">\n\t\t\t\t\t<div class=\"e-con-inner\">\n\t\t\t\t<div class=\"elementor-element elementor-element-b08b7b8 elementor-widget elementor-widget-heading\" data-id=\"b08b7b8\" data-element_type=\"widget\" data-e-type=\"widget\" data-widget_type=\"heading.default\">\n\t\t\t\t<div class=\"elementor-widget-container\">\n\t\t\t\t\t<h2 class=\"elementor-heading-title elementor-size-default\">Widerrufsrecht<\/h2>\t\t\t\t<\/div>\n\t\t\t\t<\/div>\n\t\t\t\t\t<\/div>\n\t\t\t\t<\/div>\n\t\t<div class=\"elementor-element elementor-element-77d534c e-flex e-con-boxed e-con e-parent\" data-id=\"77d534c\" data-element_type=\"container\" data-e-type=\"container\">\n\t\t\t\t\t<div class=\"e-con-inner\">\n\t\t\t\t<div class=\"elementor-element elementor-element-96761f8 elementor-widget elementor-widget-text-editor\" data-id=\"96761f8\" data-element_type=\"widget\" data-e-type=\"widget\" data-widget_type=\"text-editor.default\">\n\t\t\t\t<div class=\"elementor-widget-container\">\n\t\t\t\t\t\t\t\t\t<p style=\"font-weight: 400;\">Kunden, die den Vertrag mit Fire &amp; Flavor Fusion e.U. als Unternehmer schlie\u00dfen, haben kein R\u00fccktrittsreicht gem\u00e4\u00df \u00a7 3 KSchG. Die folgende Belehrung gilt nur f\u00fcr Verbraucher.<\/p><p style=\"font-weight: 400;\">Sind Sie Verbraucher, haben Sie das Recht, binnen vierzehn Tagen ohne Angabe von Gr\u00fcnden diesen Vertrag zu widerrufen. Die Widerrufsfrist betr\u00e4gt vierzehn Tage ab dem Tag an dem Sie oder ein von Ihnen benannter Dritter, der nicht der Bef\u00f6rderer ist, die Waren in Besitz genommen haben bzw. hat.<\/p><p style=\"font-weight: 400;\">Um Ihr Widerrufsrecht auszu\u00fcben, m\u00fcssen Sie uns (Dr. Monika M\u00fcller, Ruthnergasse 178\/21, 1210 Wien, \u00d6sterreich, Telefon: +43 650 6394203, E-Mail: office@fire-flavor-fusion.at) mittels einer eindeutigen Erkl\u00e4rung (z. B. ein mit der Post versandter Brief oder E-Mail) \u00fcber Ihren Entschluss, diesen Vertrag zu widerrufen, informieren. Zur Wahrung der Widerrufsfrist reicht es aus, dass Sie die Mitteilung \u00fcber die Aus\u00fcbung des Widerrufsrechts vor Ablauf der Widerrufsfrist absenden.<\/p><h2 style=\"font-weight: 400;\"><strong>Folgen des Widerrufs<\/strong><\/h2><p style=\"font-weight: 400;\">Wenn Sie diesen Vertrag widerrufen, haben wir Ihnen alle Zahlungen, die wir von Ihnen erhalten haben, einschlie\u00dflich der Lieferkosten (mit Ausnahme der zus\u00e4tzlichen Kosten, die sich daraus ergeben, dass Sie eine andere Art der Lieferung, als die von uns angebotene, g\u00fcnstigste Standardlieferung gew\u00e4hlt haben), unverz\u00fcglich und sp\u00e4testens binnen vierzehn Tagen ab dem Tag zur\u00fcckzuzahlen, an dem die Mitteilung \u00fcber Ihren Widerruf dieses Vertrags bei uns eingegangen ist. F\u00fcr diese R\u00fcckzahlung verwenden wir dasselbe Zahlungsmittel, das Sie bei der urspr\u00fcnglichen Transaktion eingesetzt haben, es sei denn, mit Ihnen wurde ausdr\u00fccklich etwas anderes vereinbart; in keinem Fall werden Ihnen wegen dieser R\u00fcckzahlung Entgelte berechnet. <strong>Wir k\u00f6nnen die R\u00fcckzahlung verweigern, bis wir die Waren wieder zur\u00fcckerhalten haben<\/strong>.<\/p><p style=\"font-weight: 400;\">Sie haben die Waren unverz\u00fcglich und in jedem Fall sp\u00e4testens binnen vierzehn Tagen ab dem Tag, an dem Sie uns \u00fcber den Widerruf dieses Vertrags unterrichten, an\u00a0Monika M\u00fcller, Ruthnergasse 178\/21, 1210 Wien, \u00d6sterreich zur\u00fcckzusenden oder zu \u00fcbergeben. Die Frist ist gewahrt, wenn Sie die Waren vor Ablauf der Frist von vierzehn Tagen absenden. <strong>Sie tragen die unmittelbaren Kosten der R\u00fccksendung der Waren.<\/strong><\/p><p style=\"font-weight: 400;\">Sie m\u00fcssen f\u00fcr einen etwaigen Wertverlust der Waren nur aufkommen, wenn dieser Wertverlust auf einen zur Pr\u00fcfung der Beschaffenheit, Eigenschaften und Funktionsweise der Waren nicht notwendigen Umgang mit ihnen zur\u00fcckzuf\u00fchren ist.<\/p><h2 style=\"font-weight: 400;\"><strong>Muster-Widerrufsformular<\/strong><\/h2><p style=\"font-weight: 400;\">Wenn Sie den Vertrag widerrufen wollen, dann senden Sie uns bitte folgende Daten:<\/p><p style=\"font-weight: 400;\">an Monika M\u00fcller, Fire &amp; Flavor Fusion e.U., Ruthnergasse 178\/21, 1210 Wien, \u00d6sterreich, <a href=\"mailto:office@fire-flavor-fusion.at\">office@fire-flavor-fusion.at<\/a><\/p><p style=\"font-weight: 400;\">Hiermit widerrufe(n) ich\/wir den von mir\/uns abgeschlossenen Vertrag \u00fcber den Kauf der folgenden Waren:<\/p><ul style=\"font-weight: 400;\"><li>Bestellt am \/ erhalten am<\/li><li>Name des\/der Verbraucher(s)<\/li><li>Anschrift des\/der Verbraucher(s)<\/li><li>Unterschrift des\/der Verbraucher(s) (nur bei Mitteilung auf Papier)<\/li><li>Datum<\/li><\/ul><h2 style=\"font-weight: 400;\"><strong>Ausschluss bzw. vorzeitiges Erl\u00f6schen des R\u00fccktrittsrechts: <\/strong><\/h2><p style=\"font-weight: 400;\">Das Widerrufsrecht besteht\u00a0nicht bei Vertr\u00e4gen zur Lieferung von\u00a0Waren wie Lebensmittel &amp; Getr\u00e4nke, die schnell verderben k\u00f6nnen oder deren Verfallsdatum schnell \u00fcberschritten w\u00fcrde.<\/p><p style=\"font-weight: 400;\">Das Widerrufsrecht\u00a0erlischt vorzeitig bei Vertr\u00e4gen:<\/p><ul><li style=\"font-weight: 400;\">zur Lieferung versiegelter Waren, die aus Gr\u00fcnden des Gesundheitsschutzes oder der Hygiene nicht zur R\u00fcckgabe geeignet sind, wenn ihre Versiegelung nach der Lieferung entfernt wurde.<\/li><li><span style=\"font-weight: 400;\">zur Lieferung von Waren, wenn diese nach der Lieferung auf Grund ihrer Beschaffenheit untrennbar mit anderen G\u00fctern vermischt wurden.<\/span><\/li><\/ul><p>\u00a0<\/p>\t\t\t\t\t\t\t\t<\/div>\n\t\t\t\t<\/div>\n\t\t\t\t\t<\/div>\n\t\t\t\t<\/div>\n\t\t\t\t<\/div>","protected":false},"excerpt":{"rendered":"<p>Widerrufsrecht Kunden, die den Vertrag mit Fire &amp; Flavor Fusion e.U. als Unternehmer schlie\u00dfen, haben kein R\u00fccktrittsreicht gem\u00e4\u00df \u00a7 3 [&hellip;]<\/p>\n","protected":false},"author":1,"featured_media":0,"parent":0,"menu_order":0,"comment_status":"closed","ping_status":"closed","template":"","meta":{"site-sidebar-layout":"no-sidebar","site-content-layout":"","ast-site-content-layout":"full-width-container","site-content-style":"default","site-sidebar-style":"default","ast-global-header-display":"","ast-banner-title-visibility":"","ast-main-header-display":"","ast-hfb-above-header-display":"","ast-hfb-below-header-display":"","ast-hfb-mobile-header-display":"","site-post-title":"disabled","ast-breadcrumbs-content":"","ast-featured-img":"disabled","footer-sml-layout":"","ast-disable-related-posts":"","theme-transparent-header-meta":"","adv-header-id-meta":"","stick-header-meta":"","header-above-stick-meta":"","header-main-stick-meta":"","header-below-stick-meta":"","astra-migrate-meta-layouts":"default","ast-page-background-enabled":"default","ast-page-background-meta":{"desktop":{"background-color":"var(--ast-global-color-4)","background-image":"","background-repeat":"repeat","background-position":"center center","background-size":"auto","background-attachment":"scroll","background-type":"","background-media":"","overlay-type":"","overlay-color":"","overlay-opacity":"","overlay-gradient":""},"tablet":{"background-color":"","background-image":"","background-repeat":"repeat","background-position":"center center","background-size":"auto","background-attachment":"scroll","background-type":"","background-media":"","overlay-type":"","overlay-color":"","overlay-opacity":"","overlay-gradient":""},"mobile":{"background-color":"","background-image":"","background-repeat":"repeat","background-position":"center center","background-size":"auto","background-attachment":"scroll","background-type":"","background-media":"","overlay-type":"","overlay-color":"","overlay-opacity":"","overlay-gradient":""}},"ast-content-background-meta":{"desktop":{"background-color":"var(--ast-global-color-5)","background-image":"","background-repeat":"repeat","background-position":"center center","background-size":"auto","background-attachment":"scroll","background-type":"","background-media":"","overlay-type":"","overlay-color":"","overlay-opacity":"","overlay-gradient":""},"tablet":{"background-color":"var(--ast-global-color-5)","background-image":"","background-repeat":"repeat","background-position":"center center","background-size":"auto","background-attachment":"scroll","background-type":"","background-media":"","overlay-type":"","overlay-color":"","overlay-opacity":"","overlay-gradient":""},"mobile":{"background-color":"var(--ast-global-color-5)","background-image":"","background-repeat":"repeat","background-position":"center center","background-size":"auto","background-attachment":"scroll","background-type":"","background-media":"","overlay-type":"","overlay-color":"","overlay-opacity":"","overlay-gradient":""}},"powered_cache_disable_cache":false,"footnotes":""},"class_list":["post-1912","page","type-page","status-publish","hentry"],"yoast_head":"<!-- This site is optimized with the Yoast SEO plugin v27.5 - https:\/\/yoast.com\/product\/yoast-seo-wordpress\/ -->\n<title>Widerrufsrecht - fire-flavor-fusion.at<\/title>\n<meta name=\"robots\" content=\"index, follow, max-snippet:-1, max-image-preview:large, max-video-preview:-1\" \/>\n<link rel=\"canonical\" href=\"https:\/\/fire-flavor-fusion.at\/en\/widerruf\/\" \/>\n<meta property=\"og:locale\" content=\"en_GB\" \/>\n<meta property=\"og:type\" content=\"article\" \/>\n<meta property=\"og:title\" content=\"Widerrufsrecht - fire-flavor-fusion.at\" \/>\n<meta property=\"og:description\" content=\"Widerrufsrecht Kunden, die den Vertrag mit Fire &amp; Flavor Fusion e.U. als Unternehmer schlie\u00dfen, haben kein R\u00fccktrittsreicht gem\u00e4\u00df \u00a7 3 [&hellip;]\" \/>\n<meta property=\"og:url\" content=\"https:\/\/fire-flavor-fusion.at\/en\/widerruf\/\" \/>\n<meta property=\"og:site_name\" content=\"fire-flavor-fusion.at\" \/>\n<meta property=\"article:modified_time\" content=\"2024-07-15T20:01:55+00:00\" \/>\n<meta property=\"og:image\" content=\"https:\/\/fire-flavor-fusion.at\/wp-content\/uploads\/sites\/3\/2023\/08\/200019618-hot-pepper-is-burning-on-black-background-generative-ai.jpg\" \/>\n\t<meta property=\"og:image:width\" content=\"450\" \/>\n\t<meta property=\"og:image:height\" content=\"300\" \/>\n\t<meta property=\"og:image:type\" content=\"image\/jpeg\" \/>\n<meta name=\"twitter:card\" content=\"summary_large_image\" \/>\n<meta name=\"twitter:label1\" content=\"Estimated reading time\" \/>\n\t<meta name=\"twitter:data1\" content=\"3 minutes\" \/>\n<script type=\"application\/ld+json\" class=\"yoast-schema-graph\">{\"@context\":\"https:\\\/\\\/schema.org\",\"@graph\":[{\"@type\":\"WebPage\",\"@id\":\"https:\\\/\\\/fire-flavor-fusion.at\\\/widerruf\\\/\",\"url\":\"https:\\\/\\\/fire-flavor-fusion.at\\\/widerruf\\\/\",\"name\":\"Widerrufsrecht - fire-flavor-fusion.at\",\"isPartOf\":{\"@id\":\"https:\\\/\\\/fire-flavor-fusion.at\\\/#website\"},\"datePublished\":\"2024-07-15T18:25:42+00:00\",\"dateModified\":\"2024-07-15T20:01:55+00:00\",\"breadcrumb\":{\"@id\":\"https:\\\/\\\/fire-flavor-fusion.at\\\/widerruf\\\/#breadcrumb\"},\"inLanguage\":\"en-GB\",\"potentialAction\":[{\"@type\":\"ReadAction\",\"target\":[\"https:\\\/\\\/fire-flavor-fusion.at\\\/widerruf\\\/\"]}]},{\"@type\":\"BreadcrumbList\",\"@id\":\"https:\\\/\\\/fire-flavor-fusion.at\\\/widerruf\\\/#breadcrumb\",\"itemListElement\":[{\"@type\":\"ListItem\",\"position\":1,\"name\":\"Home\",\"item\":\"https:\\\/\\\/fire-flavor-fusion.at\\\/\"},{\"@type\":\"ListItem\",\"position\":2,\"name\":\"Widerrufsrecht\"}]},{\"@type\":\"WebSite\",\"@id\":\"https:\\\/\\\/fire-flavor-fusion.at\\\/#website\",\"url\":\"https:\\\/\\\/fire-flavor-fusion.at\\\/\",\"name\":\"fire-flavor-fusion.at\",\"description\":\"Regionale Chili Saucen\",\"publisher\":{\"@id\":\"https:\\\/\\\/fire-flavor-fusion.at\\\/#organization\"},\"potentialAction\":[{\"@type\":\"SearchAction\",\"target\":{\"@type\":\"EntryPoint\",\"urlTemplate\":\"https:\\\/\\\/fire-flavor-fusion.at\\\/?s={search_term_string}\"},\"query-input\":{\"@type\":\"PropertyValueSpecification\",\"valueRequired\":true,\"valueName\":\"search_term_string\"}}],\"inLanguage\":\"en-GB\"},{\"@type\":\"Organization\",\"@id\":\"https:\\\/\\\/fire-flavor-fusion.at\\\/#organization\",\"name\":\"Fire & Flavor Fusion\",\"url\":\"https:\\\/\\\/fire-flavor-fusion.at\\\/\",\"logo\":{\"@type\":\"ImageObject\",\"inLanguage\":\"en-GB\",\"@id\":\"https:\\\/\\\/fire-flavor-fusion.at\\\/#\\\/schema\\\/logo\\\/image\\\/\",\"url\":\"https:\\\/\\\/fire-flavor-fusion.at\\\/wp-content\\\/uploads\\\/sites\\\/3\\\/2023\\\/08\\\/Logo-black-e1694287005829.png\",\"contentUrl\":\"https:\\\/\\\/fire-flavor-fusion.at\\\/wp-content\\\/uploads\\\/sites\\\/3\\\/2023\\\/08\\\/Logo-black-e1694287005829.png\",\"width\":250,\"height\":250,\"caption\":\"Fire & Flavor Fusion\"},\"image\":{\"@id\":\"https:\\\/\\\/fire-flavor-fusion.at\\\/#\\\/schema\\\/logo\\\/image\\\/\"}}]}<\/script>\n<!-- \/ Yoast SEO plugin. -->","yoast_head_json":{"title":"Widerrufsrecht - fire-flavor-fusion.at","robots":{"index":"index","follow":"follow","max-snippet":"max-snippet:-1","max-image-preview":"max-image-preview:large","max-video-preview":"max-video-preview:-1"},"canonical":"https:\/\/fire-flavor-fusion.at\/en\/widerruf\/","og_locale":"en_GB","og_type":"article","og_title":"Widerrufsrecht - fire-flavor-fusion.at","og_description":"Widerrufsrecht Kunden, die den Vertrag mit Fire &amp; Flavor Fusion e.U. als Unternehmer schlie\u00dfen, haben kein R\u00fccktrittsreicht gem\u00e4\u00df \u00a7 3 [&hellip;]","og_url":"https:\/\/fire-flavor-fusion.at\/en\/widerruf\/","og_site_name":"fire-flavor-fusion.at","article_modified_time":"2024-07-15T20:01:55+00:00","og_image":[{"width":450,"height":300,"url":"https:\/\/fire-flavor-fusion.at\/wp-content\/uploads\/sites\/3\/2023\/08\/200019618-hot-pepper-is-burning-on-black-background-generative-ai.jpg","type":"image\/jpeg"}],"twitter_card":"summary_large_image","twitter_misc":{"Estimated reading time":"3 minutes"},"schema":{"@context":"https:\/\/schema.org","@graph":[{"@type":"WebPage","@id":"https:\/\/fire-flavor-fusion.at\/widerruf\/","url":"https:\/\/fire-flavor-fusion.at\/widerruf\/","name":"Widerrufsrecht - fire-flavor-fusion.at","isPartOf":{"@id":"https:\/\/fire-flavor-fusion.at\/#website"},"datePublished":"2024-07-15T18:25:42+00:00","dateModified":"2024-07-15T20:01:55+00:00","breadcrumb":{"@id":"https:\/\/fire-flavor-fusion.at\/widerruf\/#breadcrumb"},"inLanguage":"en-GB","potentialAction":[{"@type":"ReadAction","target":["https:\/\/fire-flavor-fusion.at\/widerruf\/"]}]},{"@type":"BreadcrumbList","@id":"https:\/\/fire-flavor-fusion.at\/widerruf\/#breadcrumb","itemListElement":[{"@type":"ListItem","position":1,"name":"Home","item":"https:\/\/fire-flavor-fusion.at\/"},{"@type":"ListItem","position":2,"name":"Widerrufsrecht"}]},{"@type":"WebSite","@id":"https:\/\/fire-flavor-fusion.at\/#website","url":"https:\/\/fire-flavor-fusion.at\/","name":"fire-flavor-fusion.at","description":"Regionale Chili Saucen","publisher":{"@id":"https:\/\/fire-flavor-fusion.at\/#organization"},"potentialAction":[{"@type":"SearchAction","target":{"@type":"EntryPoint","urlTemplate":"https:\/\/fire-flavor-fusion.at\/?s={search_term_string}"},"query-input":{"@type":"PropertyValueSpecification","valueRequired":true,"valueName":"search_term_string"}}],"inLanguage":"en-GB"},{"@type":"Organization","@id":"https:\/\/fire-flavor-fusion.at\/#organization","name":"Fire & Flavor Fusion","url":"https:\/\/fire-flavor-fusion.at\/","logo":{"@type":"ImageObject","inLanguage":"en-GB","@id":"https:\/\/fire-flavor-fusion.at\/#\/schema\/logo\/image\/","url":"https:\/\/fire-flavor-fusion.at\/wp-content\/uploads\/sites\/3\/2023\/08\/Logo-black-e1694287005829.png","contentUrl":"https:\/\/fire-flavor-fusion.at\/wp-content\/uploads\/sites\/3\/2023\/08\/Logo-black-e1694287005829.png","width":250,"height":250,"caption":"Fire & Flavor Fusion"},"image":{"@id":"https:\/\/fire-flavor-fusion.at\/#\/schema\/logo\/image\/"}}]}},"_links":{"self":[{"href":"https:\/\/fire-flavor-fusion.at\/en\/wp-json\/wp\/v2\/pages\/1912","targetHints":{"allow":["GET"]}}],"collection":[{"href":"https:\/\/fire-flavor-fusion.at\/en\/wp-json\/wp\/v2\/pages"}],"about":[{"href":"https:\/\/fire-flavor-fusion.at\/en\/wp-json\/wp\/v2\/types\/page"}],"author":[{"embeddable":true,"href":"https:\/\/fire-flavor-fusion.at\/en\/wp-json\/wp\/v2\/users\/1"}],"replies":[{"embeddable":true,"href":"https:\/\/fire-flavor-fusion.at\/en\/wp-json\/wp\/v2\/comments?post=1912"}],"version-history":[{"count":24,"href":"https:\/\/fire-flavor-fusion.at\/en\/wp-json\/wp\/v2\/pages\/1912\/revisions"}],"predecessor-version":[{"id":1955,"href":"https:\/\/fire-flavor-fusion.at\/en\/wp-json\/wp\/v2\/pages\/1912\/revisions\/1955"}],"wp:attachment":[{"href":"https:\/\/fire-flavor-fusion.at\/en\/wp-json\/wp\/v2\/media?parent=1912"}],"curies":[{"name":"wp","href":"https:\/\/api.w.org\/{rel}","templated":true}]}}