{"id":1917,"date":"2024-07-15T20:26:47","date_gmt":"2024-07-15T18:26:47","guid":{"rendered":"https:\/\/fire-flavor-fusion.at\/?page_id=1917"},"modified":"2024-09-05T19:59:49","modified_gmt":"2024-09-05T17:59:49","slug":"versand","status":"publish","type":"page","link":"https:\/\/fire-flavor-fusion.at\/en\/versand\/","title":{"rendered":"Versandbedingungen"},"content":{"rendered":"<div data-elementor-type=\"wp-page\" data-elementor-id=\"1917\" class=\"elementor elementor-1917\" data-elementor-post-type=\"page\">\n\t\t\t\t<div class=\"elementor-element elementor-element-c4cd8b1 e-flex e-con-boxed e-con e-parent\" data-id=\"c4cd8b1\" data-element_type=\"container\" data-e-type=\"container\">\n\t\t\t\t\t<div class=\"e-con-inner\">\n\t\t\t\t<div class=\"elementor-element elementor-element-eca20cc elementor-widget elementor-widget-heading\" data-id=\"eca20cc\" data-element_type=\"widget\" data-e-type=\"widget\" data-widget_type=\"heading.default\">\n\t\t\t\t<div class=\"elementor-widget-container\">\n\t\t\t\t\t<h2 class=\"elementor-heading-title elementor-size-default\">Versandbedingungen<\/h2>\t\t\t\t<\/div>\n\t\t\t\t<\/div>\n\t\t\t\t\t<\/div>\n\t\t\t\t<\/div>\n\t\t<div class=\"elementor-element elementor-element-effa17e e-flex e-con-boxed e-con e-parent\" data-id=\"effa17e\" data-element_type=\"container\" data-e-type=\"container\">\n\t\t\t\t\t<div class=\"e-con-inner\">\n\t\t\t\t<div class=\"elementor-element elementor-element-866fab7 elementor-widget elementor-widget-text-editor\" data-id=\"866fab7\" data-element_type=\"widget\" data-e-type=\"widget\" data-widget_type=\"text-editor.default\">\n\t\t\t\t<div class=\"elementor-widget-container\">\n\t\t\t\t\t\t\t\t\t<p style=\"font-weight: 400;\">Der Versand erfolgt mit der \u00d6sterreichischen Post. Unsere Regellieferzeit betr\u00e4gt 2 &#8211; 5 Werktage. Folgende Kosten f\u00fcr Versand und Verpackung fallen an:<\/p><p style=\"font-weight: 400;\"><strong>\u00d6sterreich<\/strong><br \/>Kein Mindestbestellwert!<br \/>Bei Bestellungen bis 44,99 \u20ac: 6 \u20ac<br \/>Ab 45,00 \u20ac: Zustellung gratis!<br \/><br \/><strong>Deutschland<\/strong><br \/>Kein Mindestbestellwert!<br \/>Bei Bestellungen bis 69,99 \u20ac: 12,00 \u20ac<br \/>Ab 70,00 \u20ac: Zustellung gratis!<\/p>\t\t\t\t\t\t\t\t<\/div>\n\t\t\t\t<\/div>\n\t\t\t\t\t<\/div>\n\t\t\t\t<\/div>\n\t\t\t\t<\/div>","protected":false},"excerpt":{"rendered":"<p>Versandbedingungen Der Versand erfolgt mit der \u00d6sterreichischen Post. Unsere Regellieferzeit betr\u00e4gt 2 &#8211; 5 Werktage. Folgende Kosten f\u00fcr Versand und [&hellip;]<\/p>\n","protected":false},"author":1,"featured_media":0,"parent":0,"menu_order":0,"comment_status":"closed","ping_status":"closed","template":"","meta":{"site-sidebar-layout":"no-sidebar","site-content-layout":"","ast-site-content-layout":"full-width-container","site-content-style":"default","site-sidebar-style":"default","ast-global-header-display":"","ast-banner-title-visibility":"","ast-main-header-display":"","ast-hfb-above-header-display":"","ast-hfb-below-header-display":"","ast-hfb-mobile-header-display":"","site-post-title":"disabled","ast-breadcrumbs-content":"","ast-featured-img":"disabled","footer-sml-layout":"","ast-disable-related-posts":"","theme-transparent-header-meta":"","adv-header-id-meta":"","stick-header-meta":"","header-above-stick-meta":"","header-main-stick-meta":"","header-below-stick-meta":"","astra-migrate-meta-layouts":"default","ast-page-background-enabled":"default","ast-page-background-meta":{"desktop":{"background-color":"var(--ast-global-color-4)","background-image":"","background-repeat":"repeat","background-position":"center center","background-size":"auto","background-attachment":"scroll","background-type":"","background-media":"","overlay-type":"","overlay-color":"","overlay-opacity":"","overlay-gradient":""},"tablet":{"background-color":"","background-image":"","background-repeat":"repeat","background-position":"center center","background-size":"auto","background-attachment":"scroll","background-type":"","background-media":"","overlay-type":"","overlay-color":"","overlay-opacity":"","overlay-gradient":""},"mobile":{"background-color":"","background-image":"","background-repeat":"repeat","background-position":"center center","background-size":"auto","background-attachment":"scroll","background-type":"","background-media":"","overlay-type":"","overlay-color":"","overlay-opacity":"","overlay-gradient":""}},"ast-content-background-meta":{"desktop":{"background-color":"var(--ast-global-color-5)","background-image":"","background-repeat":"repeat","background-position":"center center","background-size":"auto","background-attachment":"scroll","background-type":"","background-media":"","overlay-type":"","overlay-color":"","overlay-opacity":"","overlay-gradient":""},"tablet":{"background-color":"var(--ast-global-color-5)","background-image":"","background-repeat":"repeat","background-position":"center center","background-size":"auto","background-attachment":"scroll","background-type":"","background-media":"","overlay-type":"","overlay-color":"","overlay-opacity":"","overlay-gradient":""},"mobile":{"background-color":"var(--ast-global-color-5)","background-image":"","background-repeat":"repeat","background-position":"center center","background-size":"auto","background-attachment":"scroll","background-type":"","background-media":"","overlay-type":"","overlay-color":"","overlay-opacity":"","overlay-gradient":""}},"powered_cache_disable_cache":false,"footnotes":""},"class_list":["post-1917","page","type-page","status-publish","hentry"],"yoast_head":"<!-- This site is optimized with the Yoast SEO plugin v27.5 - https:\/\/yoast.com\/product\/yoast-seo-wordpress\/ -->\n<title>Versandbedingungen - fire-flavor-fusion.at<\/title>\n<meta name=\"robots\" content=\"index, follow, max-snippet:-1, max-image-preview:large, max-video-preview:-1\" \/>\n<link rel=\"canonical\" href=\"https:\/\/fire-flavor-fusion.at\/en\/versand\/\" \/>\n<meta property=\"og:locale\" content=\"en_GB\" \/>\n<meta property=\"og:type\" content=\"article\" \/>\n<meta property=\"og:title\" content=\"Versandbedingungen - fire-flavor-fusion.at\" \/>\n<meta property=\"og:description\" content=\"Versandbedingungen Der Versand erfolgt mit der \u00d6sterreichischen Post. Unsere Regellieferzeit betr\u00e4gt 2 &#8211; 5 Werktage. Folgende Kosten f\u00fcr Versand und [&hellip;]\" \/>\n<meta property=\"og:url\" content=\"https:\/\/fire-flavor-fusion.at\/en\/versand\/\" \/>\n<meta property=\"og:site_name\" content=\"fire-flavor-fusion.at\" \/>\n<meta property=\"article:modified_time\" content=\"2024-09-05T17:59:49+00:00\" \/>\n<meta property=\"og:image\" content=\"https:\/\/fire-flavor-fusion.at\/wp-content\/uploads\/sites\/3\/2023\/08\/200019618-hot-pepper-is-burning-on-black-background-generative-ai.jpg\" \/>\n\t<meta property=\"og:image:width\" content=\"450\" \/>\n\t<meta property=\"og:image:height\" content=\"300\" \/>\n\t<meta property=\"og:image:type\" content=\"image\/jpeg\" \/>\n<meta name=\"twitter:card\" content=\"summary_large_image\" \/>\n<meta name=\"twitter:label1\" content=\"Estimated reading time\" \/>\n\t<meta name=\"twitter:data1\" content=\"1 minute\" \/>\n<script type=\"application\/ld+json\" class=\"yoast-schema-graph\">{\"@context\":\"https:\\\/\\\/schema.org\",\"@graph\":[{\"@type\":\"WebPage\",\"@id\":\"https:\\\/\\\/fire-flavor-fusion.at\\\/versand\\\/\",\"url\":\"https:\\\/\\\/fire-flavor-fusion.at\\\/versand\\\/\",\"name\":\"Versandbedingungen - fire-flavor-fusion.at\",\"isPartOf\":{\"@id\":\"https:\\\/\\\/fire-flavor-fusion.at\\\/#website\"},\"datePublished\":\"2024-07-15T18:26:47+00:00\",\"dateModified\":\"2024-09-05T17:59:49+00:00\",\"breadcrumb\":{\"@id\":\"https:\\\/\\\/fire-flavor-fusion.at\\\/versand\\\/#breadcrumb\"},\"inLanguage\":\"en-GB\",\"potentialAction\":[{\"@type\":\"ReadAction\",\"target\":[\"https:\\\/\\\/fire-flavor-fusion.at\\\/versand\\\/\"]}]},{\"@type\":\"BreadcrumbList\",\"@id\":\"https:\\\/\\\/fire-flavor-fusion.at\\\/versand\\\/#breadcrumb\",\"itemListElement\":[{\"@type\":\"ListItem\",\"position\":1,\"name\":\"Home\",\"item\":\"https:\\\/\\\/fire-flavor-fusion.at\\\/\"},{\"@type\":\"ListItem\",\"position\":2,\"name\":\"Versandbedingungen\"}]},{\"@type\":\"WebSite\",\"@id\":\"https:\\\/\\\/fire-flavor-fusion.at\\\/#website\",\"url\":\"https:\\\/\\\/fire-flavor-fusion.at\\\/\",\"name\":\"fire-flavor-fusion.at\",\"description\":\"Regionale Chili Saucen\",\"publisher\":{\"@id\":\"https:\\\/\\\/fire-flavor-fusion.at\\\/#organization\"},\"potentialAction\":[{\"@type\":\"SearchAction\",\"target\":{\"@type\":\"EntryPoint\",\"urlTemplate\":\"https:\\\/\\\/fire-flavor-fusion.at\\\/?s={search_term_string}\"},\"query-input\":{\"@type\":\"PropertyValueSpecification\",\"valueRequired\":true,\"valueName\":\"search_term_string\"}}],\"inLanguage\":\"en-GB\"},{\"@type\":\"Organization\",\"@id\":\"https:\\\/\\\/fire-flavor-fusion.at\\\/#organization\",\"name\":\"Fire & Flavor Fusion\",\"url\":\"https:\\\/\\\/fire-flavor-fusion.at\\\/\",\"logo\":{\"@type\":\"ImageObject\",\"inLanguage\":\"en-GB\",\"@id\":\"https:\\\/\\\/fire-flavor-fusion.at\\\/#\\\/schema\\\/logo\\\/image\\\/\",\"url\":\"https:\\\/\\\/fire-flavor-fusion.at\\\/wp-content\\\/uploads\\\/sites\\\/3\\\/2023\\\/08\\\/Logo-black-e1694287005829.png\",\"contentUrl\":\"https:\\\/\\\/fire-flavor-fusion.at\\\/wp-content\\\/uploads\\\/sites\\\/3\\\/2023\\\/08\\\/Logo-black-e1694287005829.png\",\"width\":250,\"height\":250,\"caption\":\"Fire & Flavor Fusion\"},\"image\":{\"@id\":\"https:\\\/\\\/fire-flavor-fusion.at\\\/#\\\/schema\\\/logo\\\/image\\\/\"}}]}<\/script>\n<!-- \/ Yoast SEO plugin. -->","yoast_head_json":{"title":"Versandbedingungen - fire-flavor-fusion.at","robots":{"index":"index","follow":"follow","max-snippet":"max-snippet:-1","max-image-preview":"max-image-preview:large","max-video-preview":"max-video-preview:-1"},"canonical":"https:\/\/fire-flavor-fusion.at\/en\/versand\/","og_locale":"en_GB","og_type":"article","og_title":"Versandbedingungen - fire-flavor-fusion.at","og_description":"Versandbedingungen Der Versand erfolgt mit der \u00d6sterreichischen Post. Unsere Regellieferzeit betr\u00e4gt 2 &#8211; 5 Werktage. Folgende Kosten f\u00fcr Versand und [&hellip;]","og_url":"https:\/\/fire-flavor-fusion.at\/en\/versand\/","og_site_name":"fire-flavor-fusion.at","article_modified_time":"2024-09-05T17:59:49+00:00","og_image":[{"width":450,"height":300,"url":"https:\/\/fire-flavor-fusion.at\/wp-content\/uploads\/sites\/3\/2023\/08\/200019618-hot-pepper-is-burning-on-black-background-generative-ai.jpg","type":"image\/jpeg"}],"twitter_card":"summary_large_image","twitter_misc":{"Estimated reading time":"1 minute"},"schema":{"@context":"https:\/\/schema.org","@graph":[{"@type":"WebPage","@id":"https:\/\/fire-flavor-fusion.at\/versand\/","url":"https:\/\/fire-flavor-fusion.at\/versand\/","name":"Versandbedingungen - fire-flavor-fusion.at","isPartOf":{"@id":"https:\/\/fire-flavor-fusion.at\/#website"},"datePublished":"2024-07-15T18:26:47+00:00","dateModified":"2024-09-05T17:59:49+00:00","breadcrumb":{"@id":"https:\/\/fire-flavor-fusion.at\/versand\/#breadcrumb"},"inLanguage":"en-GB","potentialAction":[{"@type":"ReadAction","target":["https:\/\/fire-flavor-fusion.at\/versand\/"]}]},{"@type":"BreadcrumbList","@id":"https:\/\/fire-flavor-fusion.at\/versand\/#breadcrumb","itemListElement":[{"@type":"ListItem","position":1,"name":"Home","item":"https:\/\/fire-flavor-fusion.at\/"},{"@type":"ListItem","position":2,"name":"Versandbedingungen"}]},{"@type":"WebSite","@id":"https:\/\/fire-flavor-fusion.at\/#website","url":"https:\/\/fire-flavor-fusion.at\/","name":"fire-flavor-fusion.at","description":"Regionale Chili Saucen","publisher":{"@id":"https:\/\/fire-flavor-fusion.at\/#organization"},"potentialAction":[{"@type":"SearchAction","target":{"@type":"EntryPoint","urlTemplate":"https:\/\/fire-flavor-fusion.at\/?s={search_term_string}"},"query-input":{"@type":"PropertyValueSpecification","valueRequired":true,"valueName":"search_term_string"}}],"inLanguage":"en-GB"},{"@type":"Organization","@id":"https:\/\/fire-flavor-fusion.at\/#organization","name":"Fire & Flavor Fusion","url":"https:\/\/fire-flavor-fusion.at\/","logo":{"@type":"ImageObject","inLanguage":"en-GB","@id":"https:\/\/fire-flavor-fusion.at\/#\/schema\/logo\/image\/","url":"https:\/\/fire-flavor-fusion.at\/wp-content\/uploads\/sites\/3\/2023\/08\/Logo-black-e1694287005829.png","contentUrl":"https:\/\/fire-flavor-fusion.at\/wp-content\/uploads\/sites\/3\/2023\/08\/Logo-black-e1694287005829.png","width":250,"height":250,"caption":"Fire & Flavor Fusion"},"image":{"@id":"https:\/\/fire-flavor-fusion.at\/#\/schema\/logo\/image\/"}}]}},"_links":{"self":[{"href":"https:\/\/fire-flavor-fusion.at\/en\/wp-json\/wp\/v2\/pages\/1917","targetHints":{"allow":["GET"]}}],"collection":[{"href":"https:\/\/fire-flavor-fusion.at\/en\/wp-json\/wp\/v2\/pages"}],"about":[{"href":"https:\/\/fire-flavor-fusion.at\/en\/wp-json\/wp\/v2\/types\/page"}],"author":[{"embeddable":true,"href":"https:\/\/fire-flavor-fusion.at\/en\/wp-json\/wp\/v2\/users\/1"}],"replies":[{"embeddable":true,"href":"https:\/\/fire-flavor-fusion.at\/en\/wp-json\/wp\/v2\/comments?post=1917"}],"version-history":[{"count":10,"href":"https:\/\/fire-flavor-fusion.at\/en\/wp-json\/wp\/v2\/pages\/1917\/revisions"}],"predecessor-version":[{"id":1986,"href":"https:\/\/fire-flavor-fusion.at\/en\/wp-json\/wp\/v2\/pages\/1917\/revisions\/1986"}],"wp:attachment":[{"href":"https:\/\/fire-flavor-fusion.at\/en\/wp-json\/wp\/v2\/media?parent=1917"}],"curies":[{"name":"wp","href":"https:\/\/api.w.org\/{rel}","templated":true}]}}