{"id":74,"date":"2023-05-28T14:30:11","date_gmt":"2023-05-28T14:30:11","guid":{"rendered":"https:\/\/127.0.0.1\/?page_id=14"},"modified":"2023-11-20T18:02:58","modified_gmt":"2023-11-20T17:02:58","slug":"about","status":"publish","type":"page","link":"https:\/\/fire-flavor-fusion.at\/en\/about\/","title":{"rendered":"About me"},"content":{"rendered":"<div data-elementor-type=\"wp-page\" data-elementor-id=\"74\" class=\"elementor elementor-74\" data-elementor-post-type=\"page\">\n\t\t\t\t<div class=\"elementor-element elementor-element-ddb1bc1 e-con-full e-flex e-con e-parent\" data-id=\"ddb1bc1\" data-element_type=\"container\" data-e-type=\"container\">\n\t\t<div class=\"elementor-element elementor-element-6e34cef e-flex e-con-boxed e-con e-child\" data-id=\"6e34cef\" data-element_type=\"container\" data-e-type=\"container\">\n\t\t\t\t\t<div class=\"e-con-inner\">\n\t\t\t\t<div class=\"elementor-element elementor-element-483c445 elementor-widget elementor-widget-heading\" data-id=\"483c445\" data-element_type=\"widget\" data-e-type=\"widget\" data-widget_type=\"heading.default\">\n\t\t\t\t<div class=\"elementor-widget-container\">\n\t\t\t\t\t<h1 class=\"elementor-heading-title elementor-size-default\">About me <\/h1>\t\t\t\t<\/div>\n\t\t\t\t<\/div>\n\t\t\t\t\t<\/div>\n\t\t\t\t<\/div>\n\t\t<div class=\"elementor-element elementor-element-aae0f29 e-flex e-con-boxed e-con e-child\" data-id=\"aae0f29\" data-element_type=\"container\" data-e-type=\"container\">\n\t\t\t\t\t<div class=\"e-con-inner\">\n\t\t<div class=\"elementor-element elementor-element-184d76f e-flex e-con-boxed e-con e-child\" data-id=\"184d76f\" data-element_type=\"container\" data-e-type=\"container\">\n\t\t\t\t\t<div class=\"e-con-inner\">\n\t\t\t\t<div class=\"elementor-element elementor-element-907ea15 elementor-widget elementor-widget-image\" data-id=\"907ea15\" data-element_type=\"widget\" data-e-type=\"widget\" data-widget_type=\"image.default\">\n\t\t\t\t<div class=\"elementor-widget-container\">\n\t\t\t\t\t\t\t\t\t\t\t\t\t\t\t<img fetchpriority=\"high\" decoding=\"async\" width=\"700\" height=\"926\" src=\"https:\/\/fire-flavor-fusion.at\/wp-content\/uploads\/sites\/3\/2023\/08\/moni.jpg\" class=\"attachment-large size-large wp-image-1407\" alt=\"\" srcset=\"https:\/\/fire-flavor-fusion.at\/wp-content\/uploads\/sites\/3\/2023\/08\/moni.jpg 700w, https:\/\/fire-flavor-fusion.at\/wp-content\/uploads\/sites\/3\/2023\/08\/moni-227x300.jpg 227w, https:\/\/fire-flavor-fusion.at\/wp-content\/uploads\/sites\/3\/2023\/08\/moni-9x12.jpg 9w\" sizes=\"(max-width: 700px) 100vw, 700px\" \/>\t\t\t\t\t\t\t\t\t\t\t\t\t\t\t<\/div>\n\t\t\t\t<\/div>\n\t\t\t\t\t<\/div>\n\t\t\t\t<\/div>\n\t\t<div class=\"elementor-element elementor-element-20aa746 e-con-full e-flex e-con e-child\" data-id=\"20aa746\" data-element_type=\"container\" data-e-type=\"container\">\n\t\t\t\t<div class=\"elementor-element elementor-element-6f6fce9 elementor-widget__width-initial elementor-widget elementor-widget-text-editor\" data-id=\"6f6fce9\" data-element_type=\"widget\" data-e-type=\"widget\" data-widget_type=\"text-editor.default\">\n\t\t\t\t<div class=\"elementor-widget-container\">\n\t\t\t\t\t\t\t\t\t<p>Growing up in Lower Austria, cooking and baking were already among my hobbies as a child (alongside sport and traveling). Healthy, high-quality food has always been very important to me, so it was only natural that I decided to do a double degree in nutritional science and food and biotechnology.<\/p><p>My fascination for spicy food was awakened during a more than 3-year stay in Southeast Asia. Back in Vienna, I spent a long time searching for my beloved spiciness and exotic spices until I started growing my own chilies. The chillies thrived magnificently under the Pannonian sun on the outskirts of Vienna, so that the harvest soon exceeded my own requirements. That's when I had the idea of cooking them into chili sauces.<\/p><p>Motivated by a love of experimentation combined with the necessary know-how, I created more and more different sauces. I drew inspiration from my many travels, resulting in sauces based on Indonesian or Mexican recipes, for example. For the sauces, I mainly use local fruits such as apricots, plums or blackberries and refine them with Indian, Thai or Mexican spices.<\/p><p>At first, I only produced chilli sauces for my own use and to give as gifts to friends and family. Due to the positive feedback from all sides and the increased requests for supplies, I finally founded Fire &amp; Flavor Fusion in 2023.<\/p>\t\t\t\t\t\t\t\t<\/div>\n\t\t\t\t<\/div>\n\t\t\t\t<div class=\"elementor-element elementor-element-1f0199c elementor-widget__width-initial elementor-widget elementor-widget-heading\" data-id=\"1f0199c\" data-element_type=\"widget\" data-e-type=\"widget\" data-widget_type=\"heading.default\">\n\t\t\t\t<div class=\"elementor-widget-container\">\n\t\t\t\t\t<h6 class=\"elementor-heading-title elementor-size-large\">Dr. Monika M\u00fcller<\/h6>\t\t\t\t<\/div>\n\t\t\t\t<\/div>\n\t\t\t\t<\/div>\n\t\t\t\t\t<\/div>\n\t\t\t\t<\/div>\n\t\t\t\t<\/div>\n\t\t\t\t<\/div>","protected":false},"excerpt":{"rendered":"<p>\u00dcber mich Aufgewachsen in Nieder\u00f6sterreich, z\u00e4hlte Kochen und Backen schon in meiner Kindheit zu meinen Hobbies (neben Sport und Reisen). [&hellip;]<\/p>\n","protected":false},"author":1,"featured_media":0,"parent":0,"menu_order":0,"comment_status":"closed","ping_status":"closed","template":"","meta":{"site-sidebar-layout":"default","site-content-layout":"","ast-site-content-layout":"default","site-content-style":"default","site-sidebar-style":"default","ast-global-header-display":"","ast-banner-title-visibility":"","ast-main-header-display":"","ast-hfb-above-header-display":"","ast-hfb-below-header-display":"","ast-hfb-mobile-header-display":"","site-post-title":"","ast-breadcrumbs-content":"","ast-featured-img":"","footer-sml-layout":"","ast-disable-related-posts":"","theme-transparent-header-meta":"","adv-header-id-meta":"","stick-header-meta":"","header-above-stick-meta":"","header-main-stick-meta":"","header-below-stick-meta":"","astra-migrate-meta-layouts":"default","ast-page-background-enabled":"default","ast-page-background-meta":{"desktop":{"background-color":"var(--ast-global-color-4)","background-image":"","background-repeat":"repeat","background-position":"center center","background-size":"auto","background-attachment":"scroll","background-type":"","background-media":"","overlay-type":"","overlay-color":"","overlay-opacity":"","overlay-gradient":""},"tablet":{"background-color":"","background-image":"","background-repeat":"repeat","background-position":"center center","background-size":"auto","background-attachment":"scroll","background-type":"","background-media":"","overlay-type":"","overlay-color":"","overlay-opacity":"","overlay-gradient":""},"mobile":{"background-color":"","background-image":"","background-repeat":"repeat","background-position":"center center","background-size":"auto","background-attachment":"scroll","background-type":"","background-media":"","overlay-type":"","overlay-color":"","overlay-opacity":"","overlay-gradient":""}},"ast-content-background-meta":{"desktop":{"background-color":"var(--ast-global-color-5)","background-image":"","background-repeat":"repeat","background-position":"center center","background-size":"auto","background-attachment":"scroll","background-type":"","background-media":"","overlay-type":"","overlay-color":"","overlay-opacity":"","overlay-gradient":""},"tablet":{"background-color":"var(--ast-global-color-5)","background-image":"","background-repeat":"repeat","background-position":"center center","background-size":"auto","background-attachment":"scroll","background-type":"","background-media":"","overlay-type":"","overlay-color":"","overlay-opacity":"","overlay-gradient":""},"mobile":{"background-color":"var(--ast-global-color-5)","background-image":"","background-repeat":"repeat","background-position":"center center","background-size":"auto","background-attachment":"scroll","background-type":"","background-media":"","overlay-type":"","overlay-color":"","overlay-opacity":"","overlay-gradient":""}},"powered_cache_disable_cache":false,"footnotes":""},"class_list":["post-74","page","type-page","status-publish","hentry"],"yoast_head":"<!-- This site is optimized with the Yoast SEO plugin v27.5 - https:\/\/yoast.com\/product\/yoast-seo-wordpress\/ -->\n<title>\u00dcber mich - fire-flavor-fusion.at<\/title>\n<meta name=\"robots\" content=\"index, follow, max-snippet:-1, max-image-preview:large, max-video-preview:-1\" \/>\n<link rel=\"canonical\" href=\"https:\/\/fire-flavor-fusion.at\/en\/about\/\" \/>\n<meta property=\"og:locale\" content=\"en_GB\" \/>\n<meta property=\"og:type\" content=\"article\" \/>\n<meta property=\"og:title\" content=\"\u00dcber mich - fire-flavor-fusion.at\" \/>\n<meta property=\"og:description\" content=\"\u00dcber mich Aufgewachsen in Nieder\u00f6sterreich, z\u00e4hlte Kochen und Backen schon in meiner Kindheit zu meinen Hobbies (neben Sport und Reisen). [&hellip;]\" \/>\n<meta property=\"og:url\" content=\"https:\/\/fire-flavor-fusion.at\/en\/about\/\" \/>\n<meta property=\"og:site_name\" content=\"fire-flavor-fusion.at\" \/>\n<meta property=\"article:modified_time\" content=\"2023-11-20T17:02:58+00:00\" \/>\n<meta property=\"og:image\" content=\"https:\/\/fire-flavor-fusion.at\/wp-content\/uploads\/sites\/3\/2023\/08\/moni.jpg\" \/>\n<meta name=\"twitter:card\" content=\"summary_large_image\" \/>\n<meta name=\"twitter:label1\" content=\"Estimated reading time\" \/>\n\t<meta name=\"twitter:data1\" content=\"2 minutes\" \/>\n<script type=\"application\/ld+json\" class=\"yoast-schema-graph\">{\"@context\":\"https:\\\/\\\/schema.org\",\"@graph\":[{\"@type\":\"WebPage\",\"@id\":\"https:\\\/\\\/fire-flavor-fusion.at\\\/about\\\/\",\"url\":\"https:\\\/\\\/fire-flavor-fusion.at\\\/about\\\/\",\"name\":\"\u00dcber mich - fire-flavor-fusion.at\",\"isPartOf\":{\"@id\":\"https:\\\/\\\/fire-flavor-fusion.at\\\/#website\"},\"primaryImageOfPage\":{\"@id\":\"https:\\\/\\\/fire-flavor-fusion.at\\\/about\\\/#primaryimage\"},\"image\":{\"@id\":\"https:\\\/\\\/fire-flavor-fusion.at\\\/about\\\/#primaryimage\"},\"thumbnailUrl\":\"https:\\\/\\\/fire-flavor-fusion.at\\\/wp-content\\\/uploads\\\/sites\\\/3\\\/2023\\\/08\\\/moni.jpg\",\"datePublished\":\"2023-05-28T14:30:11+00:00\",\"dateModified\":\"2023-11-20T17:02:58+00:00\",\"breadcrumb\":{\"@id\":\"https:\\\/\\\/fire-flavor-fusion.at\\\/about\\\/#breadcrumb\"},\"inLanguage\":\"en-GB\",\"potentialAction\":[{\"@type\":\"ReadAction\",\"target\":[\"https:\\\/\\\/fire-flavor-fusion.at\\\/about\\\/\"]}]},{\"@type\":\"ImageObject\",\"inLanguage\":\"en-GB\",\"@id\":\"https:\\\/\\\/fire-flavor-fusion.at\\\/about\\\/#primaryimage\",\"url\":\"https:\\\/\\\/fire-flavor-fusion.at\\\/wp-content\\\/uploads\\\/sites\\\/3\\\/2023\\\/08\\\/moni.jpg\",\"contentUrl\":\"https:\\\/\\\/fire-flavor-fusion.at\\\/wp-content\\\/uploads\\\/sites\\\/3\\\/2023\\\/08\\\/moni.jpg\"},{\"@type\":\"BreadcrumbList\",\"@id\":\"https:\\\/\\\/fire-flavor-fusion.at\\\/about\\\/#breadcrumb\",\"itemListElement\":[{\"@type\":\"ListItem\",\"position\":1,\"name\":\"Home\",\"item\":\"https:\\\/\\\/fire-flavor-fusion.at\\\/\"},{\"@type\":\"ListItem\",\"position\":2,\"name\":\"\u00dcber mich\"}]},{\"@type\":\"WebSite\",\"@id\":\"https:\\\/\\\/fire-flavor-fusion.at\\\/#website\",\"url\":\"https:\\\/\\\/fire-flavor-fusion.at\\\/\",\"name\":\"fire-flavor-fusion.at\",\"description\":\"Regionale Chili Saucen\",\"publisher\":{\"@id\":\"https:\\\/\\\/fire-flavor-fusion.at\\\/#organization\"},\"potentialAction\":[{\"@type\":\"SearchAction\",\"target\":{\"@type\":\"EntryPoint\",\"urlTemplate\":\"https:\\\/\\\/fire-flavor-fusion.at\\\/?s={search_term_string}\"},\"query-input\":{\"@type\":\"PropertyValueSpecification\",\"valueRequired\":true,\"valueName\":\"search_term_string\"}}],\"inLanguage\":\"en-GB\"},{\"@type\":\"Organization\",\"@id\":\"https:\\\/\\\/fire-flavor-fusion.at\\\/#organization\",\"name\":\"Fire & Flavor Fusion\",\"url\":\"https:\\\/\\\/fire-flavor-fusion.at\\\/\",\"logo\":{\"@type\":\"ImageObject\",\"inLanguage\":\"en-GB\",\"@id\":\"https:\\\/\\\/fire-flavor-fusion.at\\\/#\\\/schema\\\/logo\\\/image\\\/\",\"url\":\"https:\\\/\\\/fire-flavor-fusion.at\\\/wp-content\\\/uploads\\\/sites\\\/3\\\/2023\\\/08\\\/Logo-black-e1694287005829.png\",\"contentUrl\":\"https:\\\/\\\/fire-flavor-fusion.at\\\/wp-content\\\/uploads\\\/sites\\\/3\\\/2023\\\/08\\\/Logo-black-e1694287005829.png\",\"width\":250,\"height\":250,\"caption\":\"Fire & Flavor Fusion\"},\"image\":{\"@id\":\"https:\\\/\\\/fire-flavor-fusion.at\\\/#\\\/schema\\\/logo\\\/image\\\/\"}}]}<\/script>\n<!-- \/ Yoast SEO plugin. -->","yoast_head_json":{"title":"\u00dcber mich - fire-flavor-fusion.at","robots":{"index":"index","follow":"follow","max-snippet":"max-snippet:-1","max-image-preview":"max-image-preview:large","max-video-preview":"max-video-preview:-1"},"canonical":"https:\/\/fire-flavor-fusion.at\/en\/about\/","og_locale":"en_GB","og_type":"article","og_title":"\u00dcber mich - fire-flavor-fusion.at","og_description":"\u00dcber mich Aufgewachsen in Nieder\u00f6sterreich, z\u00e4hlte Kochen und Backen schon in meiner Kindheit zu meinen Hobbies (neben Sport und Reisen). [&hellip;]","og_url":"https:\/\/fire-flavor-fusion.at\/en\/about\/","og_site_name":"fire-flavor-fusion.at","article_modified_time":"2023-11-20T17:02:58+00:00","og_image":[{"url":"https:\/\/fire-flavor-fusion.at\/wp-content\/uploads\/sites\/3\/2023\/08\/moni.jpg","type":"","width":"","height":""}],"twitter_card":"summary_large_image","twitter_misc":{"Estimated reading time":"2 minutes"},"schema":{"@context":"https:\/\/schema.org","@graph":[{"@type":"WebPage","@id":"https:\/\/fire-flavor-fusion.at\/about\/","url":"https:\/\/fire-flavor-fusion.at\/about\/","name":"\u00dcber mich - fire-flavor-fusion.at","isPartOf":{"@id":"https:\/\/fire-flavor-fusion.at\/#website"},"primaryImageOfPage":{"@id":"https:\/\/fire-flavor-fusion.at\/about\/#primaryimage"},"image":{"@id":"https:\/\/fire-flavor-fusion.at\/about\/#primaryimage"},"thumbnailUrl":"https:\/\/fire-flavor-fusion.at\/wp-content\/uploads\/sites\/3\/2023\/08\/moni.jpg","datePublished":"2023-05-28T14:30:11+00:00","dateModified":"2023-11-20T17:02:58+00:00","breadcrumb":{"@id":"https:\/\/fire-flavor-fusion.at\/about\/#breadcrumb"},"inLanguage":"en-GB","potentialAction":[{"@type":"ReadAction","target":["https:\/\/fire-flavor-fusion.at\/about\/"]}]},{"@type":"ImageObject","inLanguage":"en-GB","@id":"https:\/\/fire-flavor-fusion.at\/about\/#primaryimage","url":"https:\/\/fire-flavor-fusion.at\/wp-content\/uploads\/sites\/3\/2023\/08\/moni.jpg","contentUrl":"https:\/\/fire-flavor-fusion.at\/wp-content\/uploads\/sites\/3\/2023\/08\/moni.jpg"},{"@type":"BreadcrumbList","@id":"https:\/\/fire-flavor-fusion.at\/about\/#breadcrumb","itemListElement":[{"@type":"ListItem","position":1,"name":"Home","item":"https:\/\/fire-flavor-fusion.at\/"},{"@type":"ListItem","position":2,"name":"\u00dcber mich"}]},{"@type":"WebSite","@id":"https:\/\/fire-flavor-fusion.at\/#website","url":"https:\/\/fire-flavor-fusion.at\/","name":"fire-flavor-fusion.at","description":"Regionale Chili Saucen","publisher":{"@id":"https:\/\/fire-flavor-fusion.at\/#organization"},"potentialAction":[{"@type":"SearchAction","target":{"@type":"EntryPoint","urlTemplate":"https:\/\/fire-flavor-fusion.at\/?s={search_term_string}"},"query-input":{"@type":"PropertyValueSpecification","valueRequired":true,"valueName":"search_term_string"}}],"inLanguage":"en-GB"},{"@type":"Organization","@id":"https:\/\/fire-flavor-fusion.at\/#organization","name":"Fire & Flavor Fusion","url":"https:\/\/fire-flavor-fusion.at\/","logo":{"@type":"ImageObject","inLanguage":"en-GB","@id":"https:\/\/fire-flavor-fusion.at\/#\/schema\/logo\/image\/","url":"https:\/\/fire-flavor-fusion.at\/wp-content\/uploads\/sites\/3\/2023\/08\/Logo-black-e1694287005829.png","contentUrl":"https:\/\/fire-flavor-fusion.at\/wp-content\/uploads\/sites\/3\/2023\/08\/Logo-black-e1694287005829.png","width":250,"height":250,"caption":"Fire & Flavor Fusion"},"image":{"@id":"https:\/\/fire-flavor-fusion.at\/#\/schema\/logo\/image\/"}}]}},"_links":{"self":[{"href":"https:\/\/fire-flavor-fusion.at\/en\/wp-json\/wp\/v2\/pages\/74","targetHints":{"allow":["GET"]}}],"collection":[{"href":"https:\/\/fire-flavor-fusion.at\/en\/wp-json\/wp\/v2\/pages"}],"about":[{"href":"https:\/\/fire-flavor-fusion.at\/en\/wp-json\/wp\/v2\/types\/page"}],"author":[{"embeddable":true,"href":"https:\/\/fire-flavor-fusion.at\/en\/wp-json\/wp\/v2\/users\/1"}],"replies":[{"embeddable":true,"href":"https:\/\/fire-flavor-fusion.at\/en\/wp-json\/wp\/v2\/comments?post=74"}],"version-history":[{"count":6,"href":"https:\/\/fire-flavor-fusion.at\/en\/wp-json\/wp\/v2\/pages\/74\/revisions"}],"predecessor-version":[{"id":1658,"href":"https:\/\/fire-flavor-fusion.at\/en\/wp-json\/wp\/v2\/pages\/74\/revisions\/1658"}],"wp:attachment":[{"href":"https:\/\/fire-flavor-fusion.at\/en\/wp-json\/wp\/v2\/media?parent=74"}],"curies":[{"name":"wp","href":"https:\/\/api.w.org\/{rel}","templated":true}]}}