{"id":1706,"date":"2024-04-04T18:52:00","date_gmt":"2024-04-04T16:52:00","guid":{"rendered":"https:\/\/fire-flavor-fusion.at\/?post_type=product&#038;p=1706"},"modified":"2025-03-16T17:47:43","modified_gmt":"2025-03-16T16:47:43","slug":"thai-style","status":"publish","type":"product","link":"https:\/\/fire-flavor-fusion.at\/en\/product\/thai-style\/","title":{"rendered":"Thai Style"},"content":{"rendered":"<p>Ein weiteres Beispiel der perfektionierten Fusionsk\u00fcche: Mexikanische Tomatillos und gr\u00fcne Haba\u00f1eros treffen auf eine Auswahl an thail\u00e4ndischen Kr\u00e4utern (Koriander und Thai Basilikum). Diese geschmacksintensive und sehr scharfe Sauce wird besonders (aber nicht nur) von Liebhabern der thail\u00e4ndischen K\u00fcche gesch\u00e4tzt.<\/p>\n<p><strong>Zutaten: <\/strong>Haba\u00f1eros green (24%), apple cider vinegar, paprika, tomatillos, lime juice, Thai basil, coriander, cane sugar, garlic, salt, spices<\/p>","protected":false},"excerpt":{"rendered":"<p>Ein weiteres Beispiel der perfektionierten Fusionsk\u00fcche: Mexikanische Tomatillos und gr\u00fcne Haba\u00f1eros treffen auf eine Auswahl an thail\u00e4ndischen Kr\u00e4utern (Koriander und [&hellip;]<\/p>\n","protected":false},"featured_media":773,"comment_status":"open","ping_status":"closed","template":"","meta":{"site-sidebar-layout":"default","site-content-layout":"","ast-site-content-layout":"default","site-content-style":"default","site-sidebar-style":"default","ast-global-header-display":"","ast-banner-title-visibility":"","ast-main-header-display":"","ast-hfb-above-header-display":"","ast-hfb-below-header-display":"","ast-hfb-mobile-header-display":"","site-post-title":"","ast-breadcrumbs-content":"","ast-featured-img":"","footer-sml-layout":"","ast-disable-related-posts":"","theme-transparent-header-meta":"default","adv-header-id-meta":"","stick-header-meta":"","header-above-stick-meta":"","header-main-stick-meta":"","header-below-stick-meta":"","astra-migrate-meta-layouts":"set","ast-page-background-enabled":"default","ast-page-background-meta":{"desktop":{"background-color":"var(--ast-global-color-4)","background-image":"","background-repeat":"repeat","background-position":"center center","background-size":"auto","background-attachment":"scroll","background-type":"","background-media":"","overlay-type":"","overlay-color":"","overlay-opacity":"","overlay-gradient":""},"tablet":{"background-color":"","background-image":"","background-repeat":"repeat","background-position":"center center","background-size":"auto","background-attachment":"scroll","background-type":"","background-media":"","overlay-type":"","overlay-color":"","overlay-opacity":"","overlay-gradient":""},"mobile":{"background-color":"","background-image":"","background-repeat":"repeat","background-position":"center center","background-size":"auto","background-attachment":"scroll","background-type":"","background-media":"","overlay-type":"","overlay-color":"","overlay-opacity":"","overlay-gradient":""}},"ast-content-background-meta":{"desktop":{"background-color":"var(--ast-global-color-5)","background-image":"","background-repeat":"repeat","background-position":"center center","background-size":"auto","background-attachment":"scroll","background-type":"","background-media":"","overlay-type":"","overlay-color":"","overlay-opacity":"","overlay-gradient":""},"tablet":{"background-color":"var(--ast-global-color-5)","background-image":"","background-repeat":"repeat","background-position":"center center","background-size":"auto","background-attachment":"scroll","background-type":"","background-media":"","overlay-type":"","overlay-color":"","overlay-opacity":"","overlay-gradient":""},"mobile":{"background-color":"var(--ast-global-color-5)","background-image":"","background-repeat":"repeat","background-position":"center center","background-size":"auto","background-attachment":"scroll","background-type":"","background-media":"","overlay-type":"","overlay-color":"","overlay-opacity":"","overlay-gradient":""}},"powered_cache_disable_cache":false},"product_brand":[],"product_cat":[18],"product_tag":[],"class_list":{"0":"post-1706","1":"product","2":"type-product","3":"status-publish","4":"has-post-thumbnail","6":"product_cat-uncategorized","7":"desktop-align-left","8":"tablet-align-left","9":"mobile-align-left","11":"first","12":"instock","13":"shipping-taxable","14":"purchasable","15":"product-type-simple"},"yoast_head":"<!-- This site is optimized with the Yoast SEO plugin v27.5 - https:\/\/yoast.com\/product\/yoast-seo-wordpress\/ -->\n<title>Thai Style - fire-flavor-fusion.at<\/title>\n<meta name=\"robots\" content=\"index, follow, max-snippet:-1, max-image-preview:large, max-video-preview:-1\" \/>\n<link rel=\"canonical\" href=\"https:\/\/fire-flavor-fusion.at\/en\/product\/thai-style\/\" \/>\n<meta property=\"og:locale\" content=\"en_GB\" \/>\n<meta property=\"og:type\" content=\"article\" \/>\n<meta property=\"og:title\" content=\"Thai Style - fire-flavor-fusion.at\" \/>\n<meta property=\"og:description\" content=\"Ein weiteres Beispiel der perfektionierten Fusionsk\u00fcche: Mexikanische Tomatillos und gr\u00fcne Haba\u00f1eros treffen auf eine Auswahl an thail\u00e4ndischen Kr\u00e4utern (Koriander und [&hellip;]\" \/>\n<meta property=\"og:url\" content=\"https:\/\/fire-flavor-fusion.at\/en\/product\/thai-style\/\" \/>\n<meta property=\"og:site_name\" content=\"fire-flavor-fusion.at\" \/>\n<meta property=\"article:modified_time\" content=\"2025-03-16T16:47:43+00:00\" \/>\n<meta property=\"og:image\" content=\"https:\/\/fire-flavor-fusion.at\/wp-content\/uploads\/sites\/3\/2023\/08\/Thai_Style_Front_white.jpg\" \/>\n\t<meta property=\"og:image:width\" content=\"600\" \/>\n\t<meta property=\"og:image:height\" content=\"898\" \/>\n\t<meta property=\"og:image:type\" content=\"image\/jpeg\" \/>\n<meta name=\"twitter:card\" content=\"summary_large_image\" \/>\n<meta name=\"twitter:label1\" content=\"Estimated reading time\" \/>\n\t<meta name=\"twitter:data1\" content=\"1 minute\" \/>\n<script type=\"application\/ld+json\" class=\"yoast-schema-graph\">{\"@context\":\"https:\\\/\\\/schema.org\",\"@graph\":[{\"@type\":\"WebPage\",\"@id\":\"https:\\\/\\\/fire-flavor-fusion.at\\\/product\\\/thai-style\\\/\",\"url\":\"https:\\\/\\\/fire-flavor-fusion.at\\\/product\\\/thai-style\\\/\",\"name\":\"Thai Style - fire-flavor-fusion.at\",\"isPartOf\":{\"@id\":\"https:\\\/\\\/fire-flavor-fusion.at\\\/#website\"},\"primaryImageOfPage\":{\"@id\":\"https:\\\/\\\/fire-flavor-fusion.at\\\/product\\\/thai-style\\\/#primaryimage\"},\"image\":{\"@id\":\"https:\\\/\\\/fire-flavor-fusion.at\\\/product\\\/thai-style\\\/#primaryimage\"},\"thumbnailUrl\":\"https:\\\/\\\/fire-flavor-fusion.at\\\/wp-content\\\/uploads\\\/sites\\\/3\\\/2023\\\/08\\\/Thai_Style_Front_white.jpg\",\"datePublished\":\"2024-04-04T16:52:00+00:00\",\"dateModified\":\"2025-03-16T16:47:43+00:00\",\"breadcrumb\":{\"@id\":\"https:\\\/\\\/fire-flavor-fusion.at\\\/product\\\/thai-style\\\/#breadcrumb\"},\"inLanguage\":\"en-GB\",\"potentialAction\":[{\"@type\":\"ReadAction\",\"target\":[\"https:\\\/\\\/fire-flavor-fusion.at\\\/product\\\/thai-style\\\/\"]}]},{\"@type\":\"ImageObject\",\"inLanguage\":\"en-GB\",\"@id\":\"https:\\\/\\\/fire-flavor-fusion.at\\\/product\\\/thai-style\\\/#primaryimage\",\"url\":\"https:\\\/\\\/fire-flavor-fusion.at\\\/wp-content\\\/uploads\\\/sites\\\/3\\\/2023\\\/08\\\/Thai_Style_Front_white.jpg\",\"contentUrl\":\"https:\\\/\\\/fire-flavor-fusion.at\\\/wp-content\\\/uploads\\\/sites\\\/3\\\/2023\\\/08\\\/Thai_Style_Front_white.jpg\",\"width\":600,\"height\":898},{\"@type\":\"BreadcrumbList\",\"@id\":\"https:\\\/\\\/fire-flavor-fusion.at\\\/product\\\/thai-style\\\/#breadcrumb\",\"itemListElement\":[{\"@type\":\"ListItem\",\"position\":1,\"name\":\"Home\",\"item\":\"https:\\\/\\\/fire-flavor-fusion.at\\\/\"},{\"@type\":\"ListItem\",\"position\":2,\"name\":\"Shop\",\"item\":\"https:\\\/\\\/fire-flavor-fusion.at\\\/shop\\\/\"},{\"@type\":\"ListItem\",\"position\":3,\"name\":\"Thai Style\"}]},{\"@type\":\"WebSite\",\"@id\":\"https:\\\/\\\/fire-flavor-fusion.at\\\/#website\",\"url\":\"https:\\\/\\\/fire-flavor-fusion.at\\\/\",\"name\":\"fire-flavor-fusion.at\",\"description\":\"Regionale Chili Saucen\",\"publisher\":{\"@id\":\"https:\\\/\\\/fire-flavor-fusion.at\\\/#organization\"},\"potentialAction\":[{\"@type\":\"SearchAction\",\"target\":{\"@type\":\"EntryPoint\",\"urlTemplate\":\"https:\\\/\\\/fire-flavor-fusion.at\\\/?s={search_term_string}\"},\"query-input\":{\"@type\":\"PropertyValueSpecification\",\"valueRequired\":true,\"valueName\":\"search_term_string\"}}],\"inLanguage\":\"en-GB\"},{\"@type\":\"Organization\",\"@id\":\"https:\\\/\\\/fire-flavor-fusion.at\\\/#organization\",\"name\":\"Fire & Flavor Fusion\",\"url\":\"https:\\\/\\\/fire-flavor-fusion.at\\\/\",\"logo\":{\"@type\":\"ImageObject\",\"inLanguage\":\"en-GB\",\"@id\":\"https:\\\/\\\/fire-flavor-fusion.at\\\/#\\\/schema\\\/logo\\\/image\\\/\",\"url\":\"https:\\\/\\\/fire-flavor-fusion.at\\\/wp-content\\\/uploads\\\/sites\\\/3\\\/2023\\\/08\\\/Logo-black-e1694287005829.png\",\"contentUrl\":\"https:\\\/\\\/fire-flavor-fusion.at\\\/wp-content\\\/uploads\\\/sites\\\/3\\\/2023\\\/08\\\/Logo-black-e1694287005829.png\",\"width\":250,\"height\":250,\"caption\":\"Fire & Flavor Fusion\"},\"image\":{\"@id\":\"https:\\\/\\\/fire-flavor-fusion.at\\\/#\\\/schema\\\/logo\\\/image\\\/\"}}]}<\/script>\n<!-- \/ Yoast SEO plugin. -->","yoast_head_json":{"title":"Thai Style - fire-flavor-fusion.at","robots":{"index":"index","follow":"follow","max-snippet":"max-snippet:-1","max-image-preview":"max-image-preview:large","max-video-preview":"max-video-preview:-1"},"canonical":"https:\/\/fire-flavor-fusion.at\/en\/product\/thai-style\/","og_locale":"en_GB","og_type":"article","og_title":"Thai Style - fire-flavor-fusion.at","og_description":"Ein weiteres Beispiel der perfektionierten Fusionsk\u00fcche: Mexikanische Tomatillos und gr\u00fcne Haba\u00f1eros treffen auf eine Auswahl an thail\u00e4ndischen Kr\u00e4utern (Koriander und [&hellip;]","og_url":"https:\/\/fire-flavor-fusion.at\/en\/product\/thai-style\/","og_site_name":"fire-flavor-fusion.at","article_modified_time":"2025-03-16T16:47:43+00:00","og_image":[{"width":600,"height":898,"url":"https:\/\/fire-flavor-fusion.at\/wp-content\/uploads\/sites\/3\/2023\/08\/Thai_Style_Front_white.jpg","type":"image\/jpeg"}],"twitter_card":"summary_large_image","twitter_misc":{"Estimated reading time":"1 minute"},"schema":{"@context":"https:\/\/schema.org","@graph":[{"@type":"WebPage","@id":"https:\/\/fire-flavor-fusion.at\/product\/thai-style\/","url":"https:\/\/fire-flavor-fusion.at\/product\/thai-style\/","name":"Thai Style - fire-flavor-fusion.at","isPartOf":{"@id":"https:\/\/fire-flavor-fusion.at\/#website"},"primaryImageOfPage":{"@id":"https:\/\/fire-flavor-fusion.at\/product\/thai-style\/#primaryimage"},"image":{"@id":"https:\/\/fire-flavor-fusion.at\/product\/thai-style\/#primaryimage"},"thumbnailUrl":"https:\/\/fire-flavor-fusion.at\/wp-content\/uploads\/sites\/3\/2023\/08\/Thai_Style_Front_white.jpg","datePublished":"2024-04-04T16:52:00+00:00","dateModified":"2025-03-16T16:47:43+00:00","breadcrumb":{"@id":"https:\/\/fire-flavor-fusion.at\/product\/thai-style\/#breadcrumb"},"inLanguage":"en-GB","potentialAction":[{"@type":"ReadAction","target":["https:\/\/fire-flavor-fusion.at\/product\/thai-style\/"]}]},{"@type":"ImageObject","inLanguage":"en-GB","@id":"https:\/\/fire-flavor-fusion.at\/product\/thai-style\/#primaryimage","url":"https:\/\/fire-flavor-fusion.at\/wp-content\/uploads\/sites\/3\/2023\/08\/Thai_Style_Front_white.jpg","contentUrl":"https:\/\/fire-flavor-fusion.at\/wp-content\/uploads\/sites\/3\/2023\/08\/Thai_Style_Front_white.jpg","width":600,"height":898},{"@type":"BreadcrumbList","@id":"https:\/\/fire-flavor-fusion.at\/product\/thai-style\/#breadcrumb","itemListElement":[{"@type":"ListItem","position":1,"name":"Home","item":"https:\/\/fire-flavor-fusion.at\/"},{"@type":"ListItem","position":2,"name":"Shop","item":"https:\/\/fire-flavor-fusion.at\/shop\/"},{"@type":"ListItem","position":3,"name":"Thai Style"}]},{"@type":"WebSite","@id":"https:\/\/fire-flavor-fusion.at\/#website","url":"https:\/\/fire-flavor-fusion.at\/","name":"fire-flavor-fusion.at","description":"Regionale Chili Saucen","publisher":{"@id":"https:\/\/fire-flavor-fusion.at\/#organization"},"potentialAction":[{"@type":"SearchAction","target":{"@type":"EntryPoint","urlTemplate":"https:\/\/fire-flavor-fusion.at\/?s={search_term_string}"},"query-input":{"@type":"PropertyValueSpecification","valueRequired":true,"valueName":"search_term_string"}}],"inLanguage":"en-GB"},{"@type":"Organization","@id":"https:\/\/fire-flavor-fusion.at\/#organization","name":"Fire & Flavor Fusion","url":"https:\/\/fire-flavor-fusion.at\/","logo":{"@type":"ImageObject","inLanguage":"en-GB","@id":"https:\/\/fire-flavor-fusion.at\/#\/schema\/logo\/image\/","url":"https:\/\/fire-flavor-fusion.at\/wp-content\/uploads\/sites\/3\/2023\/08\/Logo-black-e1694287005829.png","contentUrl":"https:\/\/fire-flavor-fusion.at\/wp-content\/uploads\/sites\/3\/2023\/08\/Logo-black-e1694287005829.png","width":250,"height":250,"caption":"Fire & Flavor Fusion"},"image":{"@id":"https:\/\/fire-flavor-fusion.at\/#\/schema\/logo\/image\/"}}]}},"_links":{"self":[{"href":"https:\/\/fire-flavor-fusion.at\/en\/wp-json\/wp\/v2\/product\/1706","targetHints":{"allow":["GET"]}}],"collection":[{"href":"https:\/\/fire-flavor-fusion.at\/en\/wp-json\/wp\/v2\/product"}],"about":[{"href":"https:\/\/fire-flavor-fusion.at\/en\/wp-json\/wp\/v2\/types\/product"}],"replies":[{"embeddable":true,"href":"https:\/\/fire-flavor-fusion.at\/en\/wp-json\/wp\/v2\/comments?post=1706"}],"wp:featuredmedia":[{"embeddable":true,"href":"https:\/\/fire-flavor-fusion.at\/en\/wp-json\/wp\/v2\/media\/773"}],"wp:attachment":[{"href":"https:\/\/fire-flavor-fusion.at\/en\/wp-json\/wp\/v2\/media?parent=1706"}],"wp:term":[{"taxonomy":"product_brand","embeddable":true,"href":"https:\/\/fire-flavor-fusion.at\/en\/wp-json\/wp\/v2\/product_brand?post=1706"},{"taxonomy":"product_cat","embeddable":true,"href":"https:\/\/fire-flavor-fusion.at\/en\/wp-json\/wp\/v2\/product_cat?post=1706"},{"taxonomy":"product_tag","embeddable":true,"href":"https:\/\/fire-flavor-fusion.at\/en\/wp-json\/wp\/v2\/product_tag?post=1706"}],"curies":[{"name":"wp","href":"https:\/\/api.w.org\/{rel}","templated":true}]}}